{"id":121,"date":"2013-02-05T23:38:09","date_gmt":"2013-02-05T22:38:09","guid":{"rendered":"http:\/\/www.smart-change-management-camp.com\/?page_id=121"},"modified":"2014-02-26T21:38:39","modified_gmt":"2014-02-26T20:38:39","slug":"frage-einreichen","status":"publish","type":"page","link":"https:\/\/smart-business-events.com\/change-management-camp\/frage-einreichen\/","title":{"rendered":"Sie haben ein Problem? Sehr gut!"},"content":{"rendered":"<p>Sie haben eine Herausforderung in Ihrem Projekt, zu der Sie das Wissen oder die Erfahrungen von Kollegen und Experten und nutzen m\u00f6chten? Oder suchen Sie Ideen und Anregungen, wie Sie mit einer bestimmten Fragestellung umgehen und m\u00f6chten an der Veranstaltung Anregungen oder L\u00f6sungsvorschl\u00e4ge finden?<\/p>\n<p>Hier k\u00f6nnen Sie Ihre Frage beziehungsweise Ihren Fall beschreiben und am Change Management Camp zur Diskussion stellen. Falls Sie nicht m\u00f6chten, dass Ihre Frage bereits im Vorfeld in die Ank\u00fcndigung des Programms aufgenommen wird, w\u00e4hlen Sie bitte die Option &#8222;vertraulich&#8220; aus.<\/p>\n<script type=\"text\/javascript\">var gform;gform||(document.addEventListener(\"gform_main_scripts_loaded\",function(){gform.scriptsLoaded=!0}),window.addEventListener(\"DOMContentLoaded\",function(){gform.domLoaded=!0}),gform={domLoaded:!1,scriptsLoaded:!1,initializeOnLoaded:function(o){gform.domLoaded&&gform.scriptsLoaded?o():!gform.domLoaded&&gform.scriptsLoaded?window.addEventListener(\"DOMContentLoaded\",o):document.addEventListener(\"gform_main_scripts_loaded\",o)},hooks:{action:{},filter:{}},addAction:function(o,n,r,t){gform.addHook(\"action\",o,n,r,t)},addFilter:function(o,n,r,t){gform.addHook(\"filter\",o,n,r,t)},doAction:function(o){gform.doHook(\"action\",o,arguments)},applyFilters:function(o){return gform.doHook(\"filter\",o,arguments)},removeAction:function(o,n){gform.removeHook(\"action\",o,n)},removeFilter:function(o,n,r){gform.removeHook(\"filter\",o,n,r)},addHook:function(o,n,r,t,i){null==gform.hooks[o][n]&&(gform.hooks[o][n]=[]);var e=gform.hooks[o][n];null==i&&(i=n+\"_\"+e.length),gform.hooks[o][n].push({tag:i,callable:r,priority:t=null==t?10:t})},doHook:function(n,o,r){var t;if(r=Array.prototype.slice.call(r,1),null!=gform.hooks[n][o]&&((o=gform.hooks[n][o]).sort(function(o,n){return o.priority-n.priority}),o.forEach(function(o){\"function\"!=typeof(t=o.callable)&&(t=window[t]),\"action\"==n?t.apply(null,r):r[0]=t.apply(null,r)})),\"filter\"==n)return r[0]},removeHook:function(o,n,t,i){var r;null!=gform.hooks[o][n]&&(r=(r=gform.hooks[o][n]).filter(function(o,n,r){return!!(null!=i&&i!=o.tag||null!=t&&t!=o.priority)}),gform.hooks[o][n]=r)}});<\/script>\n                <div class='gf_browser_gecko gform_wrapper gform_legacy_markup_wrapper gform-theme--no-framework' data-form-theme='legacy' data-form-index='0' id='gform_wrapper_1' style='display:none'><form method='post' enctype='multipart\/form-data'  id='gform_1'  action='\/change-management-camp\/wp-json\/wp\/v2\/pages\/121' data-formid='1' novalidate>\n                        <div class='gform-body gform_body'><ul id='gform_fields_1' class='gform_fields top_label form_sublabel_below description_below validation_below'><li id=\"field_1_1\" class=\"gfield gfield--type-text gf_left_half gfield_contains_required field_sublabel_below gfield--has-description field_description_below field_validation_below gfield_visibility_visible\"  data-js-reload=\"field_1_1\" ><label class='gfield_label gform-field-label' for='input_1_1'>Vor- und Nachname<span class=\"gfield_required\"><span class=\"gfield_required gfield_required_asterisk\">*<\/span><\/span><\/label><div class='ginput_container ginput_container_text'><input name='input_1' id='input_1_1' type='text' value='' class='medium'  aria-describedby=\"gfield_description_1_1\"   aria-required=\"true\" aria-invalid=\"false\"   \/> <\/div><div class='gfield_description' id='gfield_description_1_1'>.<\/div><\/li><li id=\"field_1_7\" class=\"gfield gfield--type-email gf_right_half gfield_contains_required field_sublabel_below gfield--has-description field_description_below field_validation_below gfield_visibility_visible\"  data-js-reload=\"field_1_7\" ><label class='gfield_label gform-field-label' for='input_1_7'>Email<span class=\"gfield_required\"><span class=\"gfield_required gfield_required_asterisk\">*<\/span><\/span><\/label><div class='ginput_container ginput_container_email'>\n                            <input name='input_7' id='input_1_7' type='email' value='' class='medium'    aria-required=\"true\" aria-invalid=\"false\" aria-describedby=\"gfield_description_1_7\" \/>\n                        <\/div><div class='gfield_description' id='gfield_description_1_7'>f\u00fcr die Anmeldebest\u00e4tigung und f\u00fcr weitere Details<\/div><\/li><li id=\"field_1_2\" class=\"gfield gfield--type-text gf_left_half field_sublabel_below gfield--no-description field_description_below field_validation_below gfield_visibility_visible\"  data-js-reload=\"field_1_2\" ><label class='gfield_label gform-field-label' for='input_1_2'>Firma (optional)<\/label><div class='ginput_container ginput_container_text'><input name='input_2' id='input_1_2' type='text' value='' class='medium'      aria-invalid=\"false\"   \/> <\/div><\/li><li id=\"field_1_3\" class=\"gfield gfield--type-text gf_right_half field_sublabel_below gfield--no-description field_description_below field_validation_below gfield_visibility_visible\"  data-js-reload=\"field_1_3\" ><label class='gfield_label gform-field-label' for='input_1_3'>Abteilung, Funktion (optional)<\/label><div class='ginput_container ginput_container_text'><input name='input_3' id='input_1_3' type='text' value='' class='medium'      aria-invalid=\"false\"   \/> <\/div><\/li><li id=\"field_1_4\" class=\"gfield gfield--type-text gf_left_half gfield_contains_required field_sublabel_below gfield--no-description field_description_below field_validation_below gfield_visibility_visible\"  data-js-reload=\"field_1_4\" ><label class='gfield_label gform-field-label' for='input_1_4'>Strasse, Nummer<span class=\"gfield_required\"><span class=\"gfield_required gfield_required_asterisk\">*<\/span><\/span><\/label><div class='ginput_container ginput_container_text'><input name='input_4' id='input_1_4' type='text' value='' class='medium'     aria-required=\"true\" aria-invalid=\"false\"   \/> <\/div><\/li><li id=\"field_1_5\" class=\"gfield gfield--type-text gf_right_half gfield_contains_required field_sublabel_below gfield--no-description field_description_below field_validation_below gfield_visibility_visible\"  data-js-reload=\"field_1_5\" ><label class='gfield_label gform-field-label' for='input_1_5'>PLZ, Ort<span class=\"gfield_required\"><span class=\"gfield_required gfield_required_asterisk\">*<\/span><\/span><\/label><div class='ginput_container ginput_container_text'><input name='input_5' id='input_1_5' type='text' value='' class='medium'     aria-required=\"true\" aria-invalid=\"false\"   \/> <\/div><\/li><li id=\"field_1_9\" class=\"gfield gfield--type-checkbox gfield--type-choice gf_left_half field_sublabel_below gfield--no-description field_description_below field_validation_below gfield_visibility_visible\"  data-js-reload=\"field_1_9\" ><label class='gfield_label gform-field-label gfield_label_before_complex' >Teilnahme zu Spezialkonditionen f\u00fcr<\/label><div class='ginput_container ginput_container_checkbox'><ul class='gfield_checkbox' id='input_1_9'><li class='gchoice gchoice_1_9_1'>\n\t\t\t\t\t\t\t\t<input class='gfield-choice-input' name='input_9.1' type='checkbox'  value='Mitarbeiter Schweizer Post (kostenlos)'  id='choice_1_9_1'   \/>\n\t\t\t\t\t\t\t\t<label for='choice_1_9_1' id='label_1_9_1' class='gform-field-label gform-field-label--type-inline'>Mitarbeiter Schweizer Post (kostenlos)<\/label>\n\t\t\t\t\t\t\t<\/li><li class='gchoice gchoice_1_9_2'>\n\t\t\t\t\t\t\t\t<input class='gfield-choice-input' name='input_9.2' type='checkbox'  value='Coaching &amp; Training + Change Management Kombi-Angebot (CHF 590)'  id='choice_1_9_2'   \/>\n\t\t\t\t\t\t\t\t<label for='choice_1_9_2' id='label_1_9_2' class='gform-field-label gform-field-label--type-inline'>Coaching & Training + Change Management Kombi-Angebot (CHF 590)<\/label>\n\t\t\t\t\t\t\t<\/li><li class='gchoice gchoice_1_9_3'>\n\t\t\t\t\t\t\t\t<input class='gfield-choice-input' name='input_9.3' type='checkbox'  value='Mitglieder OE Forum Schweiz (CHF 250)'  id='choice_1_9_3'   \/>\n\t\t\t\t\t\t\t\t<label for='choice_1_9_3' id='label_1_9_3' class='gform-field-label gform-field-label--type-inline'>Mitglieder OE Forum Schweiz (CHF 250)<\/label>\n\t\t\t\t\t\t\t<\/li><li class='gchoice gchoice_1_9_4'>\n\t\t\t\t\t\t\t\t<input class='gfield-choice-input' name='input_9.4' type='checkbox'  value='G\u00e4ste itheca Group (CHF 250)'  id='choice_1_9_4'   \/>\n\t\t\t\t\t\t\t\t<label for='choice_1_9_4' id='label_1_9_4' class='gform-field-label gform-field-label--type-inline'>G\u00e4ste itheca Group (CHF 250)<\/label>\n\t\t\t\t\t\t\t<\/li><li class='gchoice gchoice_1_9_5'>\n\t\t\t\t\t\t\t\t<input class='gfield-choice-input' name='input_9.5' type='checkbox'  value='CompanyCenter Business Club (CHF 250)'  id='choice_1_9_5'   \/>\n\t\t\t\t\t\t\t\t<label for='choice_1_9_5' id='label_1_9_5' class='gform-field-label gform-field-label--type-inline'>CompanyCenter Business Club (CHF 250)<\/label>\n\t\t\t\t\t\t\t<\/li><\/ul><\/div><\/li><li id=\"field_1_6\" class=\"gfield gfield--type-text gf_right_half field_sublabel_below gfield--no-description field_description_below field_validation_below gfield_visibility_visible\"  data-js-reload=\"field_1_6\" ><label class='gfield_label gform-field-label' for='input_1_6'>Telefonnummer<\/label><div class='ginput_container ginput_container_text'><input name='input_6' id='input_1_6' type='text' value='' class='medium'      aria-invalid=\"false\"   \/> <\/div><\/li><li id=\"field_1_16\" class=\"gfield gfield--type-checkbox gfield--type-choice field_sublabel_below gfield--no-description field_description_below field_validation_below gfield_visibility_visible\"  data-js-reload=\"field_1_16\" ><label class='gfield_label gform-field-label gfield_label_before_complex' >M\u00f6chten Sie einen Input oder eine Frage zum Programm beisteuern?<\/label><div class='ginput_container ginput_container_checkbox'><ul class='gfield_checkbox' id='input_1_16'><li class='gchoice gchoice_1_16_1'>\n\t\t\t\t\t\t\t\t<input class='gfield-choice-input' name='input_16.1' type='checkbox'  value='Ja' checked='checked' id='choice_1_16_1'   \/>\n\t\t\t\t\t\t\t\t<label for='choice_1_16_1' id='label_1_16_1' class='gform-field-label gform-field-label--type-inline'>Ja<\/label>\n\t\t\t\t\t\t\t<\/li><\/ul><\/div><\/li><li id=\"field_1_10\" class=\"gfield gfield--type-text field_sublabel_below gfield--has-description field_description_below field_validation_below gfield_visibility_visible\"  data-js-reload=\"field_1_10\" ><label class='gfield_label gform-field-label' for='input_1_10'>Titel Ihres Beitrags \/ Ihrer Frage:<\/label><div class='ginput_container ginput_container_text'><input name='input_10' id='input_1_10' type='text' value='' class='large'  aria-describedby=\"gfield_description_1_10\"    aria-invalid=\"false\"   \/> <\/div><div class='gfield_description' id='gfield_description_1_10'>Sie k\u00f6nnen sowohl etwas vorstellen, als auch eine Frage einbringen, auf die Sie (noch) keine Antwort haben und die Sie mit den anderen Teilnehmern diskutieren m\u00f6chten.<\/div><\/li><li id=\"field_1_11\" class=\"gfield gfield--type-radio gfield--type-choice field_sublabel_below gfield--no-description field_description_below field_validation_below gfield_visibility_visible\"  data-js-reload=\"field_1_11\" ><label class='gfield_label gform-field-label' >Darf der Beitrag im Online-Programm angek\u00fcndigt werden?<\/label><div class='ginput_container ginput_container_radio'><ul class='gfield_radio' id='input_1_11'>\n\t\t\t<li class='gchoice gchoice_1_11_0'>\n\t\t\t\t<input name='input_11' type='radio' value='ja, meinen Beitrag \/ meine Frage  in das Programm auf der Homepage aufnehmen'  id='choice_1_11_0'    \/>\n\t\t\t\t<label for='choice_1_11_0' id='label_1_11_0' class='gform-field-label gform-field-label--type-inline'>ja, meinen Beitrag \/ meine Frage  in das Programm auf der Homepage aufnehmen<\/label>\n\t\t\t<\/li>\n\t\t\t<li class='gchoice gchoice_1_11_1'>\n\t\t\t\t<input name='input_11' type='radio' value='nein, mein Beitrag \/ meine Frage ist vertraulich und wird erst vor Ort vorgestellt'  id='choice_1_11_1'    \/>\n\t\t\t\t<label for='choice_1_11_1' id='label_1_11_1' class='gform-field-label gform-field-label--type-inline'>nein, mein Beitrag \/ meine Frage ist vertraulich und wird erst vor Ort vorgestellt<\/label>\n\t\t\t<\/li><\/ul><\/div><\/li><li id=\"field_1_12\" class=\"gfield gfield--type-textarea field_sublabel_below gfield--no-description field_description_below field_validation_below gfield_visibility_visible\"  data-js-reload=\"field_1_12\" ><label class='gfield_label gform-field-label' for='input_1_12'>Stichworte zur Beschreibung des Inhalts Ihres Beitrags \/ Ihrer Frage:<\/label><div class='ginput_container ginput_container_textarea'><textarea name='input_12' id='input_1_12' class='textarea medium'      aria-invalid=\"false\"   rows='10' cols='50'><\/textarea><\/div><\/li><li id=\"field_1_8\" class=\"gfield gfield--type-textarea field_sublabel_below gfield--no-description field_description_below field_validation_below gfield_visibility_visible\"  data-js-reload=\"field_1_8\" ><label class='gfield_label gform-field-label' for='input_1_8'>Bemerkung<\/label><div class='ginput_container ginput_container_textarea'><textarea name='input_8' id='input_1_8' class='textarea medium'      aria-invalid=\"false\"   rows='10' cols='50'><\/textarea><\/div><\/li><\/ul><\/div>\n        <div class='gform_footer top_label'> <input type='submit' id='gform_submit_button_1' class='gform_button button' value='anmelden'  onclick='if(window[\"gf_submitting_1\"]){return false;}  if( !jQuery(\"#gform_1\")[0].checkValidity || jQuery(\"#gform_1\")[0].checkValidity()){window[\"gf_submitting_1\"]=true;}  ' onkeypress='if( event.keyCode == 13 ){ if(window[\"gf_submitting_1\"]){return false;} if( !jQuery(\"#gform_1\")[0].checkValidity || jQuery(\"#gform_1\")[0].checkValidity()){window[\"gf_submitting_1\"]=true;}  jQuery(\"#gform_1\").trigger(\"submit\",[true]); }' \/> \n            <input type='hidden' class='gform_hidden' name='is_submit_1' value='1' \/>\n            <input type='hidden' class='gform_hidden' name='gform_submit' value='1' \/>\n            \n            <input type='hidden' class='gform_hidden' name='gform_unique_id' value='' \/>\n            <input type='hidden' class='gform_hidden' name='state_1' value='WyJbXSIsIjc0OTE5MTc5MGJhODAzNGQwMmMwZWY3NjM5MWE1NTkyIl0=' \/>\n            <input type='hidden' class='gform_hidden' name='gform_target_page_number_1' id='gform_target_page_number_1' value='0' \/>\n            <input type='hidden' class='gform_hidden' name='gform_source_page_number_1' id='gform_source_page_number_1' value='1' \/>\n            <input type='hidden' name='gform_field_values' value='' \/>\n            \n        <\/div>\n                        \n<script type='text\/javascript'>\n\/* <![CDATA[ *\/\nr3f5x9JS=escape(document['referrer']);\nhf4N='9c081ca81d6aa3703cfe3916a0e5fb61';\nhf4V='4d34bf7dd628974ecd94a52ee79f8ee0';\njQuery(document).ready(function($){var e=\"#commentform, .comment-respond form, .comment-form, #lostpasswordform, #registerform, #loginform, #login_form, #wpss_contact_form, .gform_wrapper form\";$(e).submit(function(){$(\"<input>\").attr(\"type\",\"hidden\").attr(\"name\",\"r3f5x9JS\").attr(\"value\",r3f5x9JS).appendTo(e);return true;});var h=\"form[method='post']\";$(h).submit(function(){$(\"<input>\").attr(\"type\",\"hidden\").attr(\"name\",hf4N).attr(\"value\",hf4V).appendTo(h);return true;});});\n\/* ]]> *\/\n<\/script> \n<p style=\"display: none !important;\" class=\"akismet-fields-container\" data-prefix=\"ak_\"><label>&#916;<textarea name=\"ak_hp_textarea\" cols=\"45\" rows=\"8\" maxlength=\"100\"><\/textarea><\/label><input type=\"hidden\" id=\"ak_js_1\" name=\"ak_js\" value=\"48\"\/><script>document.getElementById( \"ak_js_1\" ).setAttribute( \"value\", ( new Date() ).getTime() );<\/script><\/p><\/form>\n                        <\/div><script type=\"text\/javascript\">\n\/* <![CDATA[ *\/\n gform.initializeOnLoaded( function() {gformInitSpinner( 1, 'https:\/\/smart-business-events.com\/change-management-camp\/wp-content\/plugins\/gravityforms\/images\/spinner.svg', true );jQuery('#gform_ajax_frame_1').on('load',function(){var contents = jQuery(this).contents().find('*').html();var is_postback = contents.indexOf('GF_AJAX_POSTBACK') >= 0;if(!is_postback){return;}var form_content = jQuery(this).contents().find('#gform_wrapper_1');var is_confirmation = jQuery(this).contents().find('#gform_confirmation_wrapper_1').length > 0;var is_redirect = contents.indexOf('gformRedirect(){') >= 0;var is_form = form_content.length > 0 && ! is_redirect && ! is_confirmation;var mt = parseInt(jQuery('html').css('margin-top'), 10) + parseInt(jQuery('body').css('margin-top'), 10) + 100;if(is_form){form_content.find('form').css('opacity', 0);jQuery('#gform_wrapper_1').html(form_content.html());if(form_content.hasClass('gform_validation_error')){jQuery('#gform_wrapper_1').addClass('gform_validation_error');} else {jQuery('#gform_wrapper_1').removeClass('gform_validation_error');}setTimeout( function() { \/* delay the scroll by 50 milliseconds to fix a bug in chrome *\/  }, 50 );if(window['gformInitDatepicker']) {gformInitDatepicker();}if(window['gformInitPriceFields']) {gformInitPriceFields();}var current_page = jQuery('#gform_source_page_number_1').val();gformInitSpinner( 1, 'https:\/\/smart-business-events.com\/change-management-camp\/wp-content\/plugins\/gravityforms\/images\/spinner.svg', true );jQuery(document).trigger('gform_page_loaded', [1, current_page]);window['gf_submitting_1'] = false;}else if(!is_redirect){var confirmation_content = jQuery(this).contents().find('.GF_AJAX_POSTBACK').html();if(!confirmation_content){confirmation_content = contents;}jQuery('#gform_wrapper_1').replaceWith(confirmation_content);jQuery(document).trigger('gform_confirmation_loaded', [1]);window['gf_submitting_1'] = false;wp.a11y.speak(jQuery('#gform_confirmation_message_1').text());}else{jQuery('#gform_1').append(contents);if(window['gformRedirect']) {gformRedirect();}}jQuery(document).trigger(\"gform_pre_post_render\", [{ formId: \"1\", currentPage: \"current_page\", abort: function() { this.preventDefault(); } }]);                if (event && event.defaultPrevented) {                return;         }        const gformWrapperDiv = document.getElementById( \"gform_wrapper_1\" );        if ( gformWrapperDiv ) {            const visibilitySpan = document.createElement( \"span\" );            visibilitySpan.id = \"gform_visibility_test_1\";            gformWrapperDiv.insertAdjacentElement( \"afterend\", visibilitySpan );        }        const visibilityTestDiv = document.getElementById( \"gform_visibility_test_1\" );        let postRenderFired = false;                function triggerPostRender() {            if ( postRenderFired ) {                return;            }            postRenderFired = true;            jQuery( document ).trigger( 'gform_post_render', [1, current_page] );            gform.utils.trigger( { event: 'gform\/postRender', native: false, data: { formId: 1, currentPage: current_page } } );            if ( visibilityTestDiv ) {                visibilityTestDiv.parentNode.removeChild( visibilityTestDiv );            }        }        function debounce( func, wait, immediate ) {            var timeout;            return function() {                var context = this, args = arguments;                var later = function() {                    timeout = null;                    if ( !immediate ) func.apply( context, args );                };                var callNow = immediate && !timeout;                clearTimeout( timeout );                timeout = setTimeout( later, wait );                if ( callNow ) func.apply( context, args );            };        }        const debouncedTriggerPostRender = debounce( function() {            triggerPostRender();        }, 200 );        if ( visibilityTestDiv && visibilityTestDiv.offsetParent === null ) {            const observer = new MutationObserver( ( mutations ) => {                mutations.forEach( ( mutation ) => {                    if ( mutation.type === 'attributes' && visibilityTestDiv.offsetParent !== null ) {                        debouncedTriggerPostRender();                        observer.disconnect();                    }                });            });            observer.observe( document.body, {                attributes: true,                childList: false,                subtree: true,                attributeFilter: [ 'style', 'class' ],            });        } else {            triggerPostRender();        }    } );} ); \n\/* ]]> *\/\n<\/script>\n\n","protected":false},"excerpt":{"rendered":"<p>Sie haben eine Herausforderung in Ihrem Projekt, zu der Sie das Wissen oder die Erfahrungen von Kollegen und Experten und nutzen m\u00f6chten? Oder suchen Sie Ideen und Anregungen, wie Sie mit einer bestimmten Fragestellung umgehen und m\u00f6chten an der Veranstaltung Anregungen oder L\u00f6sungsvorschl\u00e4ge finden? Hier k\u00f6nnen Sie Ihre Frage beziehungsweise Ihren Fall beschreiben und am [&hellip;]<\/p>\n","protected":false},"author":2,"featured_media":0,"parent":0,"menu_order":0,"comment_status":"open","ping_status":"open","template":"","meta":{"_genesis_hide_title":false,"_genesis_hide_breadcrumbs":false,"_genesis_hide_singular_image":false,"_genesis_hide_footer_widgets":false,"_genesis_custom_body_class":"","_genesis_custom_post_class":"","_genesis_layout":"","footnotes":""},"_links":{"self":[{"href":"https:\/\/smart-business-events.com\/change-management-camp\/wp-json\/wp\/v2\/pages\/121"}],"collection":[{"href":"https:\/\/smart-business-events.com\/change-management-camp\/wp-json\/wp\/v2\/pages"}],"about":[{"href":"https:\/\/smart-business-events.com\/change-management-camp\/wp-json\/wp\/v2\/types\/page"}],"author":[{"embeddable":true,"href":"https:\/\/smart-business-events.com\/change-management-camp\/wp-json\/wp\/v2\/users\/2"}],"replies":[{"embeddable":true,"href":"https:\/\/smart-business-events.com\/change-management-camp\/wp-json\/wp\/v2\/comments?post=121"}],"version-history":[{"count":0,"href":"https:\/\/smart-business-events.com\/change-management-camp\/wp-json\/wp\/v2\/pages\/121\/revisions"}],"wp:attachment":[{"href":"https:\/\/smart-business-events.com\/change-management-camp\/wp-json\/wp\/v2\/media?parent=121"}],"curies":[{"name":"wp","href":"https:\/\/api.w.org\/{rel}","templated":true}]}}