{"id":107,"date":"2013-02-04T17:12:31","date_gmt":"2013-02-04T16:12:31","guid":{"rendered":"http:\/\/www.smart-change-management-camp.com\/?page_id=107"},"modified":"2014-01-23T17:32:49","modified_gmt":"2014-01-23T15:32:49","slug":"anmeldung","status":"publish","type":"page","link":"https:\/\/smart-business-events.com\/coaching-training-camp\/anmeldung\/","title":{"rendered":"Herzlich willkommen!"},"content":{"rendered":"<p>Wir w\u00fcnschen Ihnen einen anregenden und inspirierenden Tag am<\/p>\n<h2>Coaching &amp; Training Camp<\/h2>\n<p>Hier die wichtigsten Details und Rahmendaten im \u00dcberblick:<\/p>\n<ul>\n<li>Zeit: <strong>Dienstag, 25. Februar 2013, 9.00 &#8211; 18.00 Uhr<\/strong> (T\u00fcr\u00f6ffnung und Kaffee &amp; Gipfeli ab 8.00 Uhr)<\/li>\n<li>Ort: Schweiz, weitere Details folgen<strong><\/strong><\/li>\n<li>Kosten*: <strong>CHF 390 pro Person<\/strong> inkl. Unterlagen und Verpflegung<\/li>\n<\/ul>\n<p>* F\u00fcr Mitarbeitende und G\u00e4ste unserer Partner gelten die im Anmeldeformular aufgef\u00fchrten Spezialkonditionen. Bitte bei der Anmeldung ausw\u00e4hlen. <strong><br \/>\n<\/strong><\/p>\n<p>Ihre Anmeldebest\u00e4tigung sowie alle weiteren Informationen zum Anlass erhalten Sie per Email.<\/p>\n<p>Wenn Sie einen eigenen Beitrag oder eine Frage vorschlagen m\u00f6chten, dann geben Sie bitte einen Titel und einige Stichwort in den Feldern am Ende des Anmeldeformulars an.<\/p>\n<script type=\"text\/javascript\">var gform;gform||(document.addEventListener(\"gform_main_scripts_loaded\",function(){gform.scriptsLoaded=!0}),window.addEventListener(\"DOMContentLoaded\",function(){gform.domLoaded=!0}),gform={domLoaded:!1,scriptsLoaded:!1,initializeOnLoaded:function(o){gform.domLoaded&&gform.scriptsLoaded?o():!gform.domLoaded&&gform.scriptsLoaded?window.addEventListener(\"DOMContentLoaded\",o):document.addEventListener(\"gform_main_scripts_loaded\",o)},hooks:{action:{},filter:{}},addAction:function(o,n,r,t){gform.addHook(\"action\",o,n,r,t)},addFilter:function(o,n,r,t){gform.addHook(\"filter\",o,n,r,t)},doAction:function(o){gform.doHook(\"action\",o,arguments)},applyFilters:function(o){return gform.doHook(\"filter\",o,arguments)},removeAction:function(o,n){gform.removeHook(\"action\",o,n)},removeFilter:function(o,n,r){gform.removeHook(\"filter\",o,n,r)},addHook:function(o,n,r,t,i){null==gform.hooks[o][n]&&(gform.hooks[o][n]=[]);var e=gform.hooks[o][n];null==i&&(i=n+\"_\"+e.length),gform.hooks[o][n].push({tag:i,callable:r,priority:t=null==t?10:t})},doHook:function(n,o,r){var t;if(r=Array.prototype.slice.call(r,1),null!=gform.hooks[n][o]&&((o=gform.hooks[n][o]).sort(function(o,n){return o.priority-n.priority}),o.forEach(function(o){\"function\"!=typeof(t=o.callable)&&(t=window[t]),\"action\"==n?t.apply(null,r):r[0]=t.apply(null,r)})),\"filter\"==n)return r[0]},removeHook:function(o,n,t,i){var r;null!=gform.hooks[o][n]&&(r=(r=gform.hooks[o][n]).filter(function(o,n,r){return!!(null!=i&&i!=o.tag||null!=t&&t!=o.priority)}),gform.hooks[o][n]=r)}});<\/script>\n                <div class='gf_browser_gecko gform_wrapper gform_legacy_markup_wrapper gform-theme--no-framework' data-form-theme='legacy' data-form-index='0' id='gform_wrapper_4' style='display:none'><div id='gf_4' class='gform_anchor' tabindex='-1'><\/div><form method='post' enctype='multipart\/form-data' target='gform_ajax_frame_4' id='gform_4'  action='\/coaching-training-camp\/wp-json\/wp\/v2\/pages\/107#gf_4' data-formid='4' novalidate>\n                        <div class='gform-body gform_body'><ul id='gform_fields_4' class='gform_fields top_label form_sublabel_below description_below validation_below'><li id=\"field_4_1\" class=\"gfield gfield--type-text gf_left_half gfield_contains_required field_sublabel_below gfield--has-description field_description_below field_validation_below gfield_visibility_visible\"  data-js-reload=\"field_4_1\" ><label class='gfield_label gform-field-label' for='input_4_1'>Vor- und Nachname<span class=\"gfield_required\"><span class=\"gfield_required gfield_required_asterisk\">*<\/span><\/span><\/label><div class='ginput_container ginput_container_text'><input name='input_1' id='input_4_1' type='text' value='' class='medium'  aria-describedby=\"gfield_description_4_1\"   aria-required=\"true\" aria-invalid=\"false\"   \/> <\/div><div class='gfield_description' id='gfield_description_4_1'>.<\/div><\/li><li id=\"field_4_7\" class=\"gfield gfield--type-email gf_right_half gfield_contains_required field_sublabel_below gfield--has-description field_description_below field_validation_below gfield_visibility_visible\"  data-js-reload=\"field_4_7\" ><label class='gfield_label gform-field-label' for='input_4_7'>Email<span class=\"gfield_required\"><span class=\"gfield_required gfield_required_asterisk\">*<\/span><\/span><\/label><div class='ginput_container ginput_container_email'>\n                            <input name='input_7' id='input_4_7' type='email' value='' class='medium'    aria-required=\"true\" aria-invalid=\"false\" aria-describedby=\"gfield_description_4_7\" \/>\n                        <\/div><div class='gfield_description' id='gfield_description_4_7'>f\u00fcr die Anmeldebest\u00e4tigung und f\u00fcr weitere Details<\/div><\/li><li id=\"field_4_2\" class=\"gfield gfield--type-text gf_left_half field_sublabel_below gfield--no-description field_description_below field_validation_below gfield_visibility_visible\"  data-js-reload=\"field_4_2\" ><label class='gfield_label gform-field-label' for='input_4_2'>Firma (optional)<\/label><div class='ginput_container ginput_container_text'><input name='input_2' id='input_4_2' type='text' value='' class='medium'      aria-invalid=\"false\"   \/> <\/div><\/li><li id=\"field_4_3\" class=\"gfield gfield--type-text gf_right_half field_sublabel_below gfield--no-description field_description_below field_validation_below gfield_visibility_visible\"  data-js-reload=\"field_4_3\" ><label class='gfield_label gform-field-label' for='input_4_3'>Abteilung, Funktion (optional)<\/label><div class='ginput_container ginput_container_text'><input name='input_3' id='input_4_3' type='text' value='' class='medium'      aria-invalid=\"false\"   \/> <\/div><\/li><li id=\"field_4_4\" class=\"gfield gfield--type-text gf_left_half gfield_contains_required field_sublabel_below gfield--no-description field_description_below field_validation_below gfield_visibility_visible\"  data-js-reload=\"field_4_4\" ><label class='gfield_label gform-field-label' for='input_4_4'>Strasse, Nummer<span class=\"gfield_required\"><span class=\"gfield_required gfield_required_asterisk\">*<\/span><\/span><\/label><div class='ginput_container ginput_container_text'><input name='input_4' id='input_4_4' type='text' value='' class='medium'     aria-required=\"true\" aria-invalid=\"false\"   \/> <\/div><\/li><li id=\"field_4_5\" class=\"gfield gfield--type-text gf_right_half gfield_contains_required field_sublabel_below gfield--no-description field_description_below field_validation_below gfield_visibility_visible\"  data-js-reload=\"field_4_5\" ><label class='gfield_label gform-field-label' for='input_4_5'>PLZ, Ort<span class=\"gfield_required\"><span class=\"gfield_required gfield_required_asterisk\">*<\/span><\/span><\/label><div class='ginput_container ginput_container_text'><input name='input_5' id='input_4_5' type='text' value='' class='medium'     aria-required=\"true\" aria-invalid=\"false\"   \/> <\/div><\/li><li id=\"field_4_6\" class=\"gfield gfield--type-text gf_left_half field_sublabel_below gfield--no-description field_description_below field_validation_below gfield_visibility_visible\"  data-js-reload=\"field_4_6\" ><label class='gfield_label gform-field-label' for='input_4_6'>Telefonnummer<\/label><div class='ginput_container ginput_container_text'><input name='input_6' id='input_4_6' type='text' value='' class='medium'      aria-invalid=\"false\"   \/> <\/div><\/li><li id=\"field_4_19\" class=\"gfield gfield--type-coupon gf_left_half field_sublabel_below gfield--has-description field_description_below field_validation_below gfield_visibility_visible\"  data-js-reload=\"field_4_19\" ><label class='gfield_label gform-field-label' for='gf_coupon_code_4'>Einladungscode<\/label><div class='ginput_container' id='gf_coupons_container_4'><div class='ginput_container_coupon'><input id='gf_coupon_code_4' class='gf_coupon_code' onkeyup='DisableApplyButton(4);' onchange='DisableApplyButton(4);' onpaste='setTimeout(function(){DisableApplyButton(4);}, 50);' type='text'    \/><input type='button' disabled='disabled' onclick='ApplyCouponCode(4);' value='Anwenden' id='gf_coupon_button' class='button'  \/> <img style='display:none;' id='gf_coupon_spinner' src='https:\/\/smart-business-events.com\/coaching-training-camp\/wp-content\/plugins\/gravityformscoupons\/images\/spinner.gif' alt='Bitte warten&nbsp;&hellip;'\/><\/div><div id='gf_coupon_info'><\/div><input type='hidden' id='gf_coupon_codes_4' name='input_19' value=''  \/><input type='hidden' id='gf_total_no_discount_4'\/><input type='hidden' id='gf_coupons_4' name='gf_coupons_4' value='' \/><\/div><div class='gfield_description' id='gfield_description_4_19'>Falls Sie einen Einladungscode von einem unserer Partner oder Referenten erhalten haben.<\/div><\/li><li id=\"field_4_20\" class=\"gfield gfield--type-product gfield--input-type-hiddenproduct gf_right_half gform_hidden gfield_price gfield_price_4_20 gfield_product_4_20 gfield_hidden_product field_sublabel_below gfield--no-description field_description_below field_validation_below gfield_visibility_visible\"  data-js-reload=\"field_4_20\" ><label class='gfield_label gform-field-label gfield_label_before_complex' for='input_4_20_1'>regul\u00e4rer Teilnehmerbeitrag<\/label><input type='hidden' name='input_20.3' value='1' id='ginput_quantity_4_20' class='gform_hidden' \/><input type='hidden' name='input_20.1' value='regul\u00e4rer Teilnehmerbeitrag' class='gform_hidden' \/><input name='input_20.2' id='ginput_base_price_4_20' type='hidden' value='Fr. 390.00' class='gform_hidden ginput_amount' \/><\/li><li id=\"field_4_21\" class=\"gfield gfield--type-total gf_right_half gfield_price gfield_price_4_ gfield_total gfield_total_4_ field_sublabel_below gfield--no-description field_description_below field_validation_below gfield_visibility_visible\"  aria-atomic=\"true\" aria-live=\"polite\" data-js-reload=\"field_4_21\" ><label class='gfield_label gform-field-label' for='input_4_21'>Teilnehmerbeitrag<\/label><div class='ginput_container ginput_container_total'>\n\t\t\t\t\t\t\t<span class='ginput_total ginput_total_4'>CHF 0.00<\/span>\n\t\t\t\t\t\t\t<input type='hidden' name='input_21' id='input_4_21' class='gform_hidden'\/>\n\t\t\t\t\t\t<\/div><\/li><li id=\"field_4_16\" class=\"gfield gfield--type-checkbox gfield--type-choice field_sublabel_below gfield--no-description field_description_below field_validation_below gfield_visibility_visible\"  data-js-reload=\"field_4_16\" ><label class='gfield_label gform-field-label gfield_label_before_complex' >M\u00f6chten Sie einen eigenen Input oder eine Frage zum Programm beisteuern?<\/label><div class='ginput_container ginput_container_checkbox'><ul class='gfield_checkbox' id='input_4_16'><li class='gchoice gchoice_4_16_1'>\n\t\t\t\t\t\t\t\t<input class='gfield-choice-input' name='input_16.1' type='checkbox'  value='Ja' checked='checked' id='choice_4_16_1'   \/>\n\t\t\t\t\t\t\t\t<label for='choice_4_16_1' id='label_4_16_1' class='gform-field-label gform-field-label--type-inline'>Ja<\/label>\n\t\t\t\t\t\t\t<\/li><\/ul><\/div><\/li><li id=\"field_4_10\" class=\"gfield gfield--type-text field_sublabel_below gfield--has-description field_description_below field_validation_below gfield_visibility_visible\"  data-js-reload=\"field_4_10\" ><label class='gfield_label gform-field-label' for='input_4_10'>Titel Ihres Beitrags \/ Ihrer Frage:<\/label><div class='ginput_container ginput_container_text'><input name='input_10' id='input_4_10' type='text' value='' class='large'  aria-describedby=\"gfield_description_4_10\"    aria-invalid=\"false\"   \/> <\/div><div class='gfield_description' id='gfield_description_4_10'>Sie k\u00f6nnen sowohl etwas vorstellen, als auch eine Frage einbringen, auf die Sie (noch) keine Antwort haben und die Sie mit den anderen Teilnehmern diskutieren m\u00f6chten.<\/div><\/li><li id=\"field_4_11\" class=\"gfield gfield--type-radio gfield--type-choice field_sublabel_below gfield--no-description field_description_below field_validation_below gfield_visibility_visible\"  data-js-reload=\"field_4_11\" ><label class='gfield_label gform-field-label' >Darf der Beitrag im Online-Programm angek\u00fcndigt werden?<\/label><div class='ginput_container ginput_container_radio'><ul class='gfield_radio' id='input_4_11'>\n\t\t\t<li class='gchoice gchoice_4_11_0'>\n\t\t\t\t<input name='input_11' type='radio' value='ja, meinen Beitrag \/ meine Frage  in das Programm auf der Homepage aufnehmen'  id='choice_4_11_0'    \/>\n\t\t\t\t<label for='choice_4_11_0' id='label_4_11_0' class='gform-field-label gform-field-label--type-inline'>ja, meinen Beitrag \/ meine Frage  in das Programm auf der Homepage aufnehmen<\/label>\n\t\t\t<\/li>\n\t\t\t<li class='gchoice gchoice_4_11_1'>\n\t\t\t\t<input name='input_11' type='radio' value='nein, mein Beitrag \/ meine Frage ist vertraulich und wird erst vor Ort vorgestellt'  id='choice_4_11_1'    \/>\n\t\t\t\t<label for='choice_4_11_1' id='label_4_11_1' class='gform-field-label gform-field-label--type-inline'>nein, mein Beitrag \/ meine Frage ist vertraulich und wird erst vor Ort vorgestellt<\/label>\n\t\t\t<\/li><\/ul><\/div><\/li><li id=\"field_4_12\" class=\"gfield gfield--type-textarea field_sublabel_below gfield--no-description field_description_below field_validation_below gfield_visibility_visible\"  data-js-reload=\"field_4_12\" ><label class='gfield_label gform-field-label' for='input_4_12'>Stichworte zur Beschreibung des Inhalts Ihres Beitrags \/ Ihrer Frage:<\/label><div class='ginput_container ginput_container_textarea'><textarea name='input_12' id='input_4_12' class='textarea medium'      aria-invalid=\"false\"   rows='10' cols='50'><\/textarea><\/div><\/li><li id=\"field_4_8\" class=\"gfield gfield--type-textarea field_sublabel_below gfield--no-description field_description_below field_validation_below gfield_visibility_visible\"  data-js-reload=\"field_4_8\" ><label class='gfield_label gform-field-label' for='input_4_8'>Bemerkung<\/label><div class='ginput_container ginput_container_textarea'><textarea name='input_8' id='input_4_8' class='textarea small'      aria-invalid=\"false\"   rows='10' cols='50'><\/textarea><\/div><\/li><li id=\"field_4_22\" class=\"gfield gfield--type-hidden gform_hidden field_sublabel_below gfield--no-description field_description_below field_validation_below gfield_visibility_visible\"  data-js-reload=\"field_4_22\" ><div class='ginput_container ginput_container_text'><input name='input_22' id='input_4_22' type='hidden' class='gform_hidden'  aria-invalid=\"false\" value='Anmeldung CTC' \/><\/div><\/li><\/ul><\/div>\n        <div class='gform_footer top_label'> <input type='submit' id='gform_submit_button_4' class='gform_button button' value='anmelden'  onclick='if(window[\"gf_submitting_4\"]){return false;}  if( !jQuery(\"#gform_4\")[0].checkValidity || jQuery(\"#gform_4\")[0].checkValidity()){window[\"gf_submitting_4\"]=true;}  ' onkeypress='if( event.keyCode == 13 ){ if(window[\"gf_submitting_4\"]){return false;} if( !jQuery(\"#gform_4\")[0].checkValidity || jQuery(\"#gform_4\")[0].checkValidity()){window[\"gf_submitting_4\"]=true;}  jQuery(\"#gform_4\").trigger(\"submit\",[true]); }' \/> <input type='hidden' name='gform_ajax' value='form_id=4&amp;title=&amp;description=&amp;tabindex=0&amp;theme=legacy' \/>\n            <input type='hidden' class='gform_hidden' name='is_submit_4' value='1' \/>\n            <input type='hidden' class='gform_hidden' name='gform_submit' value='4' \/>\n            \n            <input type='hidden' class='gform_hidden' name='gform_unique_id' value='' \/>\n            <input type='hidden' class='gform_hidden' name='state_4' value='WyJ7XCIyMC4xXCI6XCI2NTJiYzJjYmU0ZTU1N2Y2MmU4ZTZjNGRhMDE3MGI4MFwiLFwiMjAuMlwiOlwiM2Y4MjM4M2Y0ZTZlNzA3MTkwMzM0YTdlODc2ZGI2NjNcIn0iLCI0MDdlODY1YjJiYzE5NDFiMGVjM2Q0ZWIzZWJmZTlhZSJd' \/>\n            <input type='hidden' class='gform_hidden' name='gform_target_page_number_4' id='gform_target_page_number_4' value='0' \/>\n            <input type='hidden' class='gform_hidden' name='gform_source_page_number_4' id='gform_source_page_number_4' value='1' \/>\n            <input type='hidden' name='gform_field_values' value='' \/>\n            \n        <\/div>\n                        \n<script type='text\/javascript'>\n\/* <![CDATA[ *\/\nr3f5x9JS=escape(document['referrer']);\nhf4N='9c081ca81d6aa3703cfe3916a0e5fb61';\nhf4V='4d34bf7dd628974ecd94a52ee79f8ee0';\njQuery(document).ready(function($){var e=\"#commentform, .comment-respond form, .comment-form, #lostpasswordform, #registerform, #loginform, #login_form, #wpss_contact_form, .gform_wrapper form\";$(e).submit(function(){$(\"<input>\").attr(\"type\",\"hidden\").attr(\"name\",\"r3f5x9JS\").attr(\"value\",r3f5x9JS).appendTo(e);return true;});var h=\"form[method='post']\";$(h).submit(function(){$(\"<input>\").attr(\"type\",\"hidden\").attr(\"name\",hf4N).attr(\"value\",hf4V).appendTo(h);return true;});});\n\/* ]]> *\/\n<\/script> \n<p style=\"display: none !important;\" class=\"akismet-fields-container\" data-prefix=\"ak_\"><label>&#916;<textarea name=\"ak_hp_textarea\" cols=\"45\" rows=\"8\" maxlength=\"100\"><\/textarea><\/label><input type=\"hidden\" id=\"ak_js_1\" name=\"ak_js\" value=\"169\"\/><script>document.getElementById( \"ak_js_1\" ).setAttribute( \"value\", ( new Date() ).getTime() );<\/script><\/p><\/form>\n                        <\/div>\n\t\t                <iframe style='display:none;width:0px;height:0px;' src='about:blank' name='gform_ajax_frame_4' id='gform_ajax_frame_4' title='Dieser iframe enth\u00e4lt die erforderliche Logik um Gravity Forms Formulare mit AJAX zu handhaben.'><\/iframe>\n\t\t                <script type=\"text\/javascript\">\n\/* <![CDATA[ *\/\n gform.initializeOnLoaded( function() {gformInitSpinner( 4, 'https:\/\/smart-business-events.com\/coaching-training-camp\/wp-content\/plugins\/gravityforms\/images\/spinner.svg', true );jQuery('#gform_ajax_frame_4').on('load',function(){var contents = jQuery(this).contents().find('*').html();var is_postback = contents.indexOf('GF_AJAX_POSTBACK') >= 0;if(!is_postback){return;}var form_content = jQuery(this).contents().find('#gform_wrapper_4');var is_confirmation = jQuery(this).contents().find('#gform_confirmation_wrapper_4').length > 0;var is_redirect = contents.indexOf('gformRedirect(){') >= 0;var is_form = form_content.length > 0 && ! is_redirect && ! is_confirmation;var mt = parseInt(jQuery('html').css('margin-top'), 10) + parseInt(jQuery('body').css('margin-top'), 10) + 100;if(is_form){form_content.find('form').css('opacity', 0);jQuery('#gform_wrapper_4').html(form_content.html());if(form_content.hasClass('gform_validation_error')){jQuery('#gform_wrapper_4').addClass('gform_validation_error');} else {jQuery('#gform_wrapper_4').removeClass('gform_validation_error');}setTimeout( function() { \/* delay the scroll by 50 milliseconds to fix a bug in chrome *\/ jQuery(document).scrollTop(jQuery('#gform_wrapper_4').offset().top - mt); }, 50 );if(window['gformInitDatepicker']) {gformInitDatepicker();}if(window['gformInitPriceFields']) {gformInitPriceFields();}var current_page = jQuery('#gform_source_page_number_4').val();gformInitSpinner( 4, 'https:\/\/smart-business-events.com\/coaching-training-camp\/wp-content\/plugins\/gravityforms\/images\/spinner.svg', true );jQuery(document).trigger('gform_page_loaded', [4, current_page]);window['gf_submitting_4'] = false;}else if(!is_redirect){var confirmation_content = jQuery(this).contents().find('.GF_AJAX_POSTBACK').html();if(!confirmation_content){confirmation_content = contents;}jQuery('#gform_wrapper_4').replaceWith(confirmation_content);jQuery(document).scrollTop(jQuery('#gf_4').offset().top - mt);jQuery(document).trigger('gform_confirmation_loaded', [4]);window['gf_submitting_4'] = false;wp.a11y.speak(jQuery('#gform_confirmation_message_4').text());}else{jQuery('#gform_4').append(contents);if(window['gformRedirect']) {gformRedirect();}}jQuery(document).trigger(\"gform_pre_post_render\", [{ formId: \"4\", currentPage: \"current_page\", abort: function() { this.preventDefault(); } }]);                if (event && event.defaultPrevented) {                return;         }        const gformWrapperDiv = document.getElementById( \"gform_wrapper_4\" );        if ( gformWrapperDiv ) {            const visibilitySpan = document.createElement( \"span\" );            visibilitySpan.id = \"gform_visibility_test_4\";            gformWrapperDiv.insertAdjacentElement( \"afterend\", visibilitySpan );        }        const visibilityTestDiv = document.getElementById( \"gform_visibility_test_4\" );        let postRenderFired = false;                function triggerPostRender() {            if ( postRenderFired ) {                return;            }            postRenderFired = true;            jQuery( document ).trigger( 'gform_post_render', [4, current_page] );            gform.utils.trigger( { event: 'gform\/postRender', native: false, data: { formId: 4, currentPage: current_page } } );            if ( visibilityTestDiv ) {                visibilityTestDiv.parentNode.removeChild( visibilityTestDiv );            }        }        function debounce( func, wait, immediate ) {            var timeout;            return function() {                var context = this, args = arguments;                var later = function() {                    timeout = null;                    if ( !immediate ) func.apply( context, args );                };                var callNow = immediate && !timeout;                clearTimeout( timeout );                timeout = setTimeout( later, wait );                if ( callNow ) func.apply( context, args );            };        }        const debouncedTriggerPostRender = debounce( function() {            triggerPostRender();        }, 200 );        if ( visibilityTestDiv && visibilityTestDiv.offsetParent === null ) {            const observer = new MutationObserver( ( mutations ) => {                mutations.forEach( ( mutation ) => {                    if ( mutation.type === 'attributes' && visibilityTestDiv.offsetParent !== null ) {                        debouncedTriggerPostRender();                        observer.disconnect();                    }                });            });            observer.observe( document.body, {                attributes: true,                childList: false,                subtree: true,                attributeFilter: [ 'style', 'class' ],            });        } else {            triggerPostRender();        }    } );} ); \n\/* ]]> *\/\n<\/script>\n\n","protected":false},"excerpt":{"rendered":"<p>Wir w\u00fcnschen Ihnen einen anregenden und inspirierenden Tag am Coaching &amp; Training Camp Hier die wichtigsten Details und Rahmendaten im \u00dcberblick: Zeit: Dienstag, 25. Februar 2013, 9.00 &#8211; 18.00 Uhr (T\u00fcr\u00f6ffnung und Kaffee &amp; Gipfeli ab 8.00 Uhr) Ort: Schweiz, weitere Details folgen Kosten*: CHF 390 pro Person inkl. Unterlagen und Verpflegung * F\u00fcr Mitarbeitende [&hellip;]<\/p>\n","protected":false},"author":12,"featured_media":0,"parent":0,"menu_order":0,"comment_status":"open","ping_status":"open","template":"template-registration.php","meta":{"_genesis_hide_title":false,"_genesis_hide_breadcrumbs":false,"_genesis_hide_singular_image":false,"_genesis_hide_footer_widgets":false,"_genesis_custom_body_class":"","_genesis_custom_post_class":"","_genesis_layout":"full-width-content","footnotes":""},"_links":{"self":[{"href":"https:\/\/smart-business-events.com\/coaching-training-camp\/wp-json\/wp\/v2\/pages\/107"}],"collection":[{"href":"https:\/\/smart-business-events.com\/coaching-training-camp\/wp-json\/wp\/v2\/pages"}],"about":[{"href":"https:\/\/smart-business-events.com\/coaching-training-camp\/wp-json\/wp\/v2\/types\/page"}],"author":[{"embeddable":true,"href":"https:\/\/smart-business-events.com\/coaching-training-camp\/wp-json\/wp\/v2\/users\/12"}],"replies":[{"embeddable":true,"href":"https:\/\/smart-business-events.com\/coaching-training-camp\/wp-json\/wp\/v2\/comments?post=107"}],"version-history":[{"count":0,"href":"https:\/\/smart-business-events.com\/coaching-training-camp\/wp-json\/wp\/v2\/pages\/107\/revisions"}],"wp:attachment":[{"href":"https:\/\/smart-business-events.com\/coaching-training-camp\/wp-json\/wp\/v2\/media?parent=107"}],"curies":[{"name":"wp","href":"https:\/\/api.w.org\/{rel}","templated":true}]}}