{"id":112,"date":"2013-02-05T23:10:15","date_gmt":"2013-02-05T21:10:15","guid":{"rendered":"http:\/\/www.smart-change-management-camp.com\/?page_id=112"},"modified":"2014-01-18T23:57:45","modified_gmt":"2014-01-18T21:57:45","slug":"profil-ctc","status":"publish","type":"page","link":"https:\/\/smart-business-events.com\/coaching-training-camp\/profil-ctc\/","title":{"rendered":"0 um das geht es am CTC"},"content":{"rendered":"<div class=\"one-third first\"><img loading=\"lazy\" decoding=\"async\" class=\"alignnone size-full wp-image-1022\" alt=\"coaching training camp\" src=\"https:\/\/smart-business-events.com\/coaching-training-camp\/wp-content\/uploads\/sites\/8\/2013\/02\/hand-malt-treppe-150x150.png\" width=\"150\" height=\"150\" \/><\/div>\n<div class=\"two-thirds\">Gamification von Trainings, Simulationen und Unternehmenstheater, Transfer-Coaching mit Online-Tools \u2013 einen Tag lang dreht sich am <strong>Coaching &amp; Training Camp<\/strong> alles um Innovationen und Inspiration, Bew\u00e4hrtes und Neues zum Thema Coaching und Training f\u00fcr Einzelpersonen, Teams und Organisationen.<\/div>\n<div class=\"two-thirds\">Im Zentrum steht der Erfahrungsaustausch zwischen Personal- und Organisationsentwicklern, Trainern, Coaches, Ausbildungsfachleuten und Anbietern von Tools und Methoden f\u00fcr Coaching, Training und Organisationsentwicklung.<\/div>\n<p>M\u00f6chten Sie als Impulsgeber Ihre Erfahrungen, Know-how, Methoden oder Werkzeuge in einem Beitrag an dem Anlass vorstellen? <a title=\"Seien Sie aktiv am Coaching &amp; Training Camp dabei!\" href=\"https:\/\/smart-business-events.com\/coaching-training-camp\/beitrag-einreichen\/\">Dann melden Sie Ihren Beitrag hier an<\/a><\/p>\n<p>Haben Sie eine konkrete Herausforderung oder Frage, zu der Sie an der Veranstaltung Anregungen oder L\u00f6sungsvorschl\u00e4ge finden m\u00f6chten? <a title=\"Sie haben ein Problem? Sehr gut!\" href=\"https:\/\/smart-business-events.com\/coaching-training-camp\/frage-einreichen\/\">Hier k\u00f6nnen Sie Ihre Frage \/ Ihren Fall (anonym) anbringen<\/a>. Und falls Sie eine spannende Frage haben, aber selbst nicht dabei sein k\u00f6nnen: Reichen Sie eine <a title=\"Publikums-Challenge einreichen\" href=\"https:\/\/smart-business-events.com\/coaching-training-camp\/publikums-challenge-einreichen\/\">Publikums-Challenge<\/a> ein und Sie haben die Chance, von den Teilnehmern zum Gast am n\u00e4chsten Anlass gew\u00e4hlt zu werden.<\/p>\n<h3>Die Teilnehmer am Coaching &amp; Training Camp:<\/h3>\n<ul>\n<li><strong>Personalentwickler, Organisationsentwickler, Ausbildungsexperten<\/strong>, interessierte <strong>Fach- und F\u00fchrungskr\u00e4fte und Auftraggeber<\/strong> von Trainings- und Entwicklungsprogrammen in Unternehmen und Organisationen<\/li>\n<li><strong>interne und externe Experten<\/strong> und <strong>Trainer, Coaches, Moderatoren und Berater<\/strong>, die Lern-, Entwicklungs- und Ver\u00e4nderungsprozesse gestalten, leiten und unterst\u00fctzen<\/li>\n<li>Anbieter von <strong>Methoden, Konzepten und Werkzeugen<\/strong> f\u00fcr den Einsatz in Personal- und Organisationsentwicklungs-Projekten und Performance Programmen<\/li>\n<\/ul>\n<h3>Connecting Professionals &#8211; Know-how Austausch und Inspiration<\/h3>\n<p>Die Coaching &amp; Training Camps sind als <strong>Open Space<\/strong> organisiert:<\/p>\n<ul>\n<li>Der <a title=\"Struktur des Tages\" href=\"https:\/\/smart-business-events.com\/coaching-training-camp\/struktur-des-tages\/\">zeitliche Rahmen<\/a> ist vorgegeben. Die Inhalte jeder der \u00fcber den Tag verteilten Sessions bestimmen die Teilnehmenden selber. Zwischen den Workshops ist ausreichend Zeit f\u00fcr den individuellen Austausch und Networking.<\/li>\n<li>Vor jeder Session legen alle Teilnehmenden in einem <strong>moderierten Matching-Verfahren<\/strong> aus allen angebotenen Beitr\u00e4gen und Themen die Inhalte der n\u00e4chsten Session fest.<\/li>\n<li>Eine <strong>professionelle Moderation<\/strong> f\u00fchrt durch den Tag und stellt sicher, dass Fragen und Antworten, Anwendungsfall und Experte zueinander finden.<\/li>\n<\/ul>\n<p>In Workshops, Arbeitsgruppen, Diskussionsrunden und Pr\u00e4sentationen werden Case Studies und eigene Projekte, Methoden und Konzepte, Werkzeuge und Erfahrungen vorgestellt, Wissen ausgetauscht und diskutiert.<\/p>\n<h3>Machen Sie den n\u00e4chsten Schritt und melden Sie sich an!<\/h3>\n<p><a title=\"Sch\u00f6n, dass Sie dabei sind!\" href=\"https:\/\/smart-business-events.com\/coaching-training-camp\/anmeldung\/\">Zur Anmeldung<\/a><\/p>\n<p><a title=\"Seien Sie aktiv am Coaching &amp; Training Camp dabei!\" href=\"https:\/\/smart-business-events.com\/coaching-training-camp\/beitrag-einreichen\/\">Einen eigenen Beitrag vorstellen<\/a><\/p>\n","protected":false},"excerpt":{"rendered":"<p>Gamification von Trainings, Simulationen und Unternehmenstheater, Transfer-Coaching mit Online-Tools \u2013 einen Tag lang dreht sich am Coaching &amp; Training Camp alles um Innovationen und Inspiration, Bew\u00e4hrtes und Neues zum Thema Coaching und Training f\u00fcr Einzelpersonen, Teams und Organisationen. Im Zentrum steht der Erfahrungsaustausch zwischen Personal- und Organisationsentwicklern, Trainern, Coaches, Ausbildungsfachleuten und Anbietern von Tools und [&hellip;]<\/p>\n","protected":false},"author":12,"featured_media":0,"parent":0,"menu_order":0,"comment_status":"closed","ping_status":"closed","template":"","meta":{"_genesis_hide_title":false,"_genesis_hide_breadcrumbs":false,"_genesis_hide_singular_image":false,"_genesis_hide_footer_widgets":false,"_genesis_custom_body_class":"","_genesis_custom_post_class":"","_genesis_layout":"","footnotes":""},"_links":{"self":[{"href":"https:\/\/smart-business-events.com\/coaching-training-camp\/wp-json\/wp\/v2\/pages\/112"}],"collection":[{"href":"https:\/\/smart-business-events.com\/coaching-training-camp\/wp-json\/wp\/v2\/pages"}],"about":[{"href":"https:\/\/smart-business-events.com\/coaching-training-camp\/wp-json\/wp\/v2\/types\/page"}],"author":[{"embeddable":true,"href":"https:\/\/smart-business-events.com\/coaching-training-camp\/wp-json\/wp\/v2\/users\/12"}],"replies":[{"embeddable":true,"href":"https:\/\/smart-business-events.com\/coaching-training-camp\/wp-json\/wp\/v2\/comments?post=112"}],"version-history":[{"count":0,"href":"https:\/\/smart-business-events.com\/coaching-training-camp\/wp-json\/wp\/v2\/pages\/112\/revisions"}],"wp:attachment":[{"href":"https:\/\/smart-business-events.com\/coaching-training-camp\/wp-json\/wp\/v2\/media?parent=112"}],"curies":[{"name":"wp","href":"https:\/\/api.w.org\/{rel}","templated":true}]}}