{"id":127,"date":"2013-02-05T23:52:11","date_gmt":"2013-02-05T22:52:11","guid":{"rendered":"http:\/\/www.smart-change-management-camp.com\/?page_id=127"},"modified":"2013-02-05T23:52:11","modified_gmt":"2013-02-05T22:52:11","slug":"struktur-des-tages","status":"publish","type":"page","link":"https:\/\/smart-business-events.com\/coaching-training-camp\/struktur-des-tages\/","title":{"rendered":"Struktur des Tages"},"content":{"rendered":"<p>ab 08.00 Uhr: Check-in, Kaffee &amp; Gipfeli, informeller Marktplatz und Kennenlernen<\/p>\n<p>09.00 Uhr: Er\u00f6ffnung des Tages, Vorstellung aller Beitr\u00e4ge, Auswahl der Beitr\u00e4ge f\u00fcr das Programm der ersten Session<\/p>\n<p>09.45-10.30 Uhr: Erste Session<\/p>\n<p>10.30-11.00 Uhr: Review erste Session, offener Austausch<\/p>\n<p>11.00-11.15 Uhr: Auswahl der Beitr\u00e4ge f\u00fcr das Programm der zweiten Session<\/p>\n<p>11.15-12.00 Uhr: Zweite Session<\/p>\n<p>12.00-12.15 Uhr: Review zweite Session, offener Austausch<\/p>\n<p>12.15-13.30 Uhr: Mittagspause<\/p>\n<p>13.30-14.00: Auswahl der Beitr\u00e4ge f\u00fcr das Programm der dritten Session<\/p>\n<p>14.00-15.00 Uhr: Dritte Session<\/p>\n<p>15.00-15.30 Uhr: Review dritte Session, offener Austausch<\/p>\n<p>15.30-15.40 Uhr: Auswahl der Beitr\u00e4ge f\u00fcr das Programm der vierten Session<\/p>\n<p>15.40-16.40 Uhr: Vierte Session<\/p>\n<p>16.40-17.30 Uhr: Review vierte Session, Abschlussvoten<\/p>\n<p>17.30-18.30 Uhr: Abschlussapero<\/p>\n","protected":false},"excerpt":{"rendered":"<p>ab 08.00 Uhr: Check-in, Kaffee &amp; Gipfeli, informeller Marktplatz und Kennenlernen 09.00 Uhr: Er\u00f6ffnung des Tages, Vorstellung aller Beitr\u00e4ge, Auswahl der Beitr\u00e4ge f\u00fcr das Programm der ersten Session 09.45-10.30 Uhr: Erste Session 10.30-11.00 Uhr: Review erste Session, offener Austausch 11.00-11.15 Uhr: Auswahl der Beitr\u00e4ge f\u00fcr das Programm der zweiten Session 11.15-12.00 Uhr: Zweite Session 12.00-12.15 [&hellip;]<\/p>\n","protected":false},"author":12,"featured_media":0,"parent":0,"menu_order":0,"comment_status":"open","ping_status":"open","template":"","meta":{"_genesis_hide_title":false,"_genesis_hide_breadcrumbs":false,"_genesis_hide_singular_image":false,"_genesis_hide_footer_widgets":false,"_genesis_custom_body_class":"","_genesis_custom_post_class":"","_genesis_layout":"","footnotes":""},"_links":{"self":[{"href":"https:\/\/smart-business-events.com\/coaching-training-camp\/wp-json\/wp\/v2\/pages\/127"}],"collection":[{"href":"https:\/\/smart-business-events.com\/coaching-training-camp\/wp-json\/wp\/v2\/pages"}],"about":[{"href":"https:\/\/smart-business-events.com\/coaching-training-camp\/wp-json\/wp\/v2\/types\/page"}],"author":[{"embeddable":true,"href":"https:\/\/smart-business-events.com\/coaching-training-camp\/wp-json\/wp\/v2\/users\/12"}],"replies":[{"embeddable":true,"href":"https:\/\/smart-business-events.com\/coaching-training-camp\/wp-json\/wp\/v2\/comments?post=127"}],"version-history":[{"count":0,"href":"https:\/\/smart-business-events.com\/coaching-training-camp\/wp-json\/wp\/v2\/pages\/127\/revisions"}],"wp:attachment":[{"href":"https:\/\/smart-business-events.com\/coaching-training-camp\/wp-json\/wp\/v2\/media?parent=127"}],"curies":[{"name":"wp","href":"https:\/\/api.w.org\/{rel}","templated":true}]}}