{"id":1040,"date":"2016-06-08T09:37:52","date_gmt":"2016-06-08T07:37:52","guid":{"rendered":"https:\/\/smart-business-events.com\/soltarbiz\/soltar\/netzwerk-copy-2\/"},"modified":"2016-06-30T11:41:49","modified_gmt":"2016-06-30T09:41:49","slug":"netzwerk","status":"publish","type":"page","link":"https:\/\/smart-business-events.com\/soltarbiz\/soltar\/netzwerk\/","title":{"rendered":"Netzwerk"},"content":{"rendered":"<h1><span style=\"color: #b3071b\">SOLTAR \u2013 Kompetenz durch Vernetzung in Wissenschaft und Industrie<\/span><\/h1>\n<p>&nbsp;<\/p>\n<div class=\"one-fourth first\">\n<h4><span style=\"color: #b3071b\">Verb\u00e4nde<\/span><\/h4>\n<\/div>\n<div class=\"three-fourths\"><\/div>\n<div class=\"one-fourth first\"><img loading=\"lazy\" decoding=\"async\" class=\"alignleft wp-image-625 size-full\" src=\"https:\/\/smart-business-events.com\/soltarbiz\/wp-content\/uploads\/sites\/23\/2016\/03\/Procure_170x120.png\" alt=\"Procure_170x120\" width=\"170\" height=\"120\" \/><\/div>\n<div class=\"three-fourths\">Als national bedeutender Fachverband f\u00fcr Beschaffungsmanagement bieten wir unseren Kunden ein qualifiziertes Informations- und Schulungsangebot und unterhalten ein weit verzweigtes Netzwerk in Wirtschaft und Wissenschaft.<\/div>\n<div class=\"one-fourth first\"><img loading=\"lazy\" decoding=\"async\" class=\"alignleft wp-image-624 size-full\" src=\"https:\/\/smart-business-events.com\/soltarbiz\/wp-content\/uploads\/sites\/23\/2016\/03\/Oepwz_170x120.png\" alt=\"Oepwz_170x120\" width=\"170\" height=\"120\" \/><\/div>\n<div class=\"three-fourths\">Das \u00d6sterreichisches Produktivit\u00e4ts-und Wirtschaftlichkeits-Zentrum \u00d6PWZ) ist ein Dienstleistungs-Institut mit Weiterbildungs- und Informationstransfer-Zielen f\u00fcr F\u00fchrungskr\u00e4fte und Spezialisten aus allen Bereichen der Wirtschaft, Verwaltung und Gesellschaft.<\/div>\n<p>&nbsp;<\/p>\n<div class=\"one-fourth first\">\n<h4><span style=\"color: #b3071b\">Universit\u00e4ten\/ Hochschulen<\/span><\/h4>\n<\/div>\n<div class=\"three-fourths\"><\/div>\n<div class=\"one-fourth first\"><img loading=\"lazy\" decoding=\"async\" class=\"alignleft wp-image-620 size-full\" src=\"https:\/\/smart-business-events.com\/soltarbiz\/wp-content\/uploads\/sites\/23\/2016\/03\/ETH_170x120.png\" alt=\"ETH_170x120\" width=\"170\" height=\"120\" \/><\/div>\n<div class=\"three-fourths\">Lehrstuhl f\u00fcr Logistik und Supply Chain Management.<\/div>\n<div class=\"one-fourth first\"><img loading=\"lazy\" decoding=\"async\" class=\"alignleft wp-image-626 size-full\" src=\"https:\/\/smart-business-events.com\/soltarbiz\/wp-content\/uploads\/sites\/23\/2016\/03\/UniSG_170x120.png\" alt=\"UniSG_170x120\" width=\"170\" height=\"120\" \/><\/div>\n<div class=\"three-fourths\">Lehrstuhl f\u00fcr Logistikmanagement.<\/div>\n<div class=\"one-fourth first\"><img loading=\"lazy\" decoding=\"async\" class=\"alignleft wp-image-621 size-full\" src=\"https:\/\/smart-business-events.com\/soltarbiz\/wp-content\/uploads\/sites\/23\/2016\/03\/FHNW_170x120.png\" alt=\"FHNW_170x120\" width=\"170\" height=\"120\" \/><\/div>\n<div class=\"three-fourths\">Institut f\u00fcr Business Engineering.<\/div>\n<div class=\"one-fourth first\"><img loading=\"lazy\" decoding=\"async\" class=\"alignleft wp-image-622 size-full\" src=\"https:\/\/smart-business-events.com\/soltarbiz\/wp-content\/uploads\/sites\/23\/2016\/03\/HWZ_170x120.png\" alt=\"HWZ_170x120\" width=\"170\" height=\"120\" \/><\/div>\n<div class=\"three-fourths\">Center for Accounting and Controlling.<\/div>\n<div class=\"one-fourth first\"><img loading=\"lazy\" decoding=\"async\" class=\"alignleft wp-image-627 size-full\" src=\"https:\/\/smart-business-events.com\/soltarbiz\/wp-content\/uploads\/sites\/23\/2016\/03\/ZHAW_170x120.png\" alt=\"ZHAW_170x120\" width=\"170\" height=\"120\" \/><\/div>\n<div class=\"three-fourths\">Z\u00fcrcher Hochschule f\u00fcr Angewandte Wissenschaften.<\/div>\n<div class=\"one-fourth first\"><img loading=\"lazy\" decoding=\"async\" class=\"size-full wp-image-898 alignleft\" src=\"https:\/\/smart-business-events.com\/soltarbiz\/wp-content\/uploads\/sites\/23\/2016\/03\/ZHAW-Engineering-170x120.png\" alt=\"ZHAW Engineering 170x120\" width=\"170\" height=\"120\" \/><\/div>\n<div class=\"three-fourths\">Z\u00fcrcher Hochschule f\u00fcr Angewandte Wissenschaften.<\/div>\n<p>&nbsp;<\/p>\n<div class=\"one-fourth first\">\n<h4><span style=\"color: #b3071b\">Financial Management<\/span><\/h4>\n<\/div>\n<div class=\"three-fourths\"><\/div>\n<div class=\"one-fourth first\"><img loading=\"lazy\" decoding=\"async\" class=\"alignleft wp-image-623 size-full\" src=\"https:\/\/smart-business-events.com\/soltarbiz\/wp-content\/uploads\/sites\/23\/2016\/05\/Obermatt_170x120_neu.png\" alt=\"Obermatt_170x120\" width=\"170\" height=\"120\" \/><\/div>\n<div class=\"three-fourths\">Obermatt ist ein Schweizer Finanzresearch-Unternehmen mit Fokus auf die indexierte Leistungsmessung. Die marktorientierte Leistungsmessung misst Unternehmensleistung besser, denn sie misst Leistung unabh\u00e4ngig von externen St\u00f6rfaktoren.<\/div>\n<div class=\"one-fourth first\"><img loading=\"lazy\" decoding=\"async\" class=\"alignleft wp-image-619 size-full\" src=\"https:\/\/smart-business-events.com\/soltarbiz\/wp-content\/uploads\/sites\/23\/2016\/03\/BlueChip_170x120.png\" alt=\"BlueChip_170x120\" width=\"170\" height=\"120\" \/><\/div>\n<div class=\"three-fourths\">Die bluechip financial communications AG ist eine f\u00fchrende, innovative Investor Relations Agentur mit Sitz in der Schweiz. bluechip offeriert ein fundiertes Portfolio an Dienstleistungen der Finanzmarktkommunikation und Investor Relations-Themen. bluechip-Kunden profitieren von einem engen Netzwerk an pers\u00f6nlichen Beziehungen zu Analysten und Investoren, sowie von mehrj\u00e4hriger Finanzmarkterfahrung der bluechip-Mitarbeiter.<\/div>\n<p>&nbsp;<\/p>\n","protected":false},"excerpt":{"rendered":"<p>SOLTAR \u2013 Kompetenz durch Vernetzung in Wissenschaft und Industrie &nbsp; Verb\u00e4nde Als national bedeutender Fachverband f\u00fcr Beschaffungsmanagement bieten wir unseren Kunden ein qualifiziertes Informations- und Schulungsangebot und unterhalten ein weit verzweigtes Netzwerk in Wirtschaft und Wissenschaft. Das \u00d6sterreichisches Produktivit\u00e4ts-und Wirtschaftlichkeits-Zentrum \u00d6PWZ) ist ein Dienstleistungs-Institut mit Weiterbildungs- und Informationstransfer-Zielen f\u00fcr F\u00fchrungskr\u00e4fte und Spezialisten aus allen Bereichen [&hellip;]<\/p>\n","protected":false},"author":37,"featured_media":0,"parent":419,"menu_order":0,"comment_status":"closed","ping_status":"closed","template":"","meta":{"_genesis_hide_title":false,"_genesis_hide_breadcrumbs":false,"_genesis_hide_singular_image":false,"_genesis_hide_footer_widgets":false,"_genesis_custom_body_class":"","_genesis_custom_post_class":"","_genesis_layout":"","footnotes":""},"_links":{"self":[{"href":"https:\/\/smart-business-events.com\/soltarbiz\/wp-json\/wp\/v2\/pages\/1040"}],"collection":[{"href":"https:\/\/smart-business-events.com\/soltarbiz\/wp-json\/wp\/v2\/pages"}],"about":[{"href":"https:\/\/smart-business-events.com\/soltarbiz\/wp-json\/wp\/v2\/types\/page"}],"author":[{"embeddable":true,"href":"https:\/\/smart-business-events.com\/soltarbiz\/wp-json\/wp\/v2\/users\/37"}],"replies":[{"embeddable":true,"href":"https:\/\/smart-business-events.com\/soltarbiz\/wp-json\/wp\/v2\/comments?post=1040"}],"version-history":[{"count":0,"href":"https:\/\/smart-business-events.com\/soltarbiz\/wp-json\/wp\/v2\/pages\/1040\/revisions"}],"up":[{"embeddable":true,"href":"https:\/\/smart-business-events.com\/soltarbiz\/wp-json\/wp\/v2\/pages\/419"}],"wp:attachment":[{"href":"https:\/\/smart-business-events.com\/soltarbiz\/wp-json\/wp\/v2\/media?parent=1040"}],"curies":[{"name":"wp","href":"https:\/\/api.w.org\/{rel}","templated":true}]}}