{"id":170,"date":"2016-03-23T09:41:38","date_gmt":"2016-03-23T08:41:38","guid":{"rendered":"https:\/\/smart-business-events.com\/soltarbiz\/?page_id=170"},"modified":"2018-01-18T09:32:57","modified_gmt":"2018-01-18T08:32:57","slug":"supply-chain-management","status":"publish","type":"page","link":"https:\/\/smart-business-events.com\/soltarbiz\/expertisen\/supply-chain-management\/","title":{"rendered":"Supply Chain Management"},"content":{"rendered":"<h1><span style=\"color: #b3071b\">Supply Chain Management<\/span><\/h1>\n<p>&nbsp;<\/p>\n<h4><span style=\"color: #af1028\"><strong>Ausgangslage<\/strong><\/span><\/h4>\n<p>Die Wertsch\u00f6pfungskette (Supply Chain) der Unternehmen wird immer komplexer. Unternehmen m\u00fcssen hierauf mit modernen Prozessen und einer schlanken Organisation reagieren. swot+ ist eine Methode, dies zu erreichen.<br \/>\nDas <strong>SOLTAR swot+ Supply Chain Audit mit System<\/strong> bewertet die aktuellen Komplexit\u00e4tstreiber und Prozesse der Auftragsabwicklung. F\u00fcr Gaps mit den Anforderungen des Marktes (Kunden, Lieferanten) werden Strategien, Ziele, Verbesserungspotentiale und Massnahmen erarbeitet und umgesetzt. In einem WORKSHOP werden Verbesserungspotentiale und -massnahmen systematisch erarbeitet und priorisiert (Modul 1).\u00a0Teilnehmer sind m\u00f6glichst alle Funktionen und Kunden der Auftragsabwicklung (intern, ggf. extern). Erwartungen der Supply Chain Partner und Funktionen werden in der TRANSPARENZPHASE systematisch aufgenommen. In swot+ Modul 2 TRANSPARENZ werden Zusammenh\u00e4nge der Mengen- und Wertstr\u00f6me \u00fcber die ganze Supply Chain analysiert. Mit swot+ Modul 3 werden Supply Chain STRATEGIEN und ZIELE definiert, die die Unternehmensziele unterst\u00fctzen. Aus dem Workshop, der Transparenzphase und der Strategie bzw. Strategie-update werden Prozessoptimierungen angestossen. SOLTAR kann bei Bedarf die nachhaltige Implementierung unterst\u00fctzen.<\/p>\n<p>&nbsp;<\/p>\n<p><img loading=\"lazy\" decoding=\"async\" class=\"alignnone size-full wp-image-1149\" src=\"http:\/\/soltar.biz\/wp-content\/uploads\/sites\/23\/2016\/06\/swot.png\" alt=\"swot+\" width=\"962\" height=\"115\" srcset=\"https:\/\/smart-business-events.com\/soltarbiz\/wp-content\/uploads\/sites\/23\/2016\/06\/swot.png 962w, https:\/\/smart-business-events.com\/soltarbiz\/wp-content\/uploads\/sites\/23\/2016\/06\/swot-300x36.png 300w, https:\/\/smart-business-events.com\/soltarbiz\/wp-content\/uploads\/sites\/23\/2016\/06\/swot-768x92.png 768w\" sizes=\"(max-width: 962px) 100vw, 962px\" \/><\/p>\n<p>&nbsp;<\/p>\n<h4><strong><span style=\"color: #af1028\">Ihr Nutzen von swot+<\/span><\/strong><\/h4>\n<ul>\n<li>Einf\u00fchrung in Supply Chain Management<\/li>\n<li>Strukturierte Ermittlung Verbesserungspotentiale<\/li>\n<li>Potentialabsch\u00e4tzung Supply Chain Performance (Kosten, Durchlaufzeiten, Best\u00e4nde) mit Benchmarking<\/li>\n<li>St\u00e4rken-, Schw\u00e4chen-, Chancen-, Gefahren-Analyse (SWOT)<\/li>\n<li>Definierte Supply Chain Strategie (z.B. Service Leader) und -Ziele (z.B. Lieferzeit, Lagerbest\u00e4nde)<\/li>\n<li>Definierte Kernprozesse (z.B. Forecasting, Auftragsabwicklung)<\/li>\n<li>Definierte\u00a0firmenspezifische Kennzahlen (z.B. On-time Delivery)<\/li>\n<li>Massnahmen- und Umsetzungsplanung (Teilprojekte, Timing, Ressourcen)<\/li>\n<\/ul>\n<p>&nbsp;<\/p>\n<h4><strong><span style=\"color: #af1028\">Auszug Referenzen<\/span><\/strong><\/h4>\n<div class=\"one-fourth first\"><img loading=\"lazy\" decoding=\"async\" class=\"wp-image-598 size-full alignleft\" src=\"https:\/\/smart-business-events.com\/soltarbiz\/wp-content\/uploads\/sites\/23\/2016\/03\/SwissPrimePack_170x120.png\" alt=\"SwissPrimePack_170x120\" width=\"170\" height=\"120\" \/><\/div>\n<div class=\"three-fourths\"><em>\u201eSOLTAR hat uns von der Analyse, Identifizierung von Verbesserungspotentialen in der Supply Chain bis hin zur Implementierung einer neuen Supply Chain Organisation sehr professionell unterst\u00fctzt. Heute befinden wir uns in der Umsetzung der Ergebnisse und konnten bereits erste wichtige Erfolge erzielen.\u201c<\/em><br \/>\nCEO, SwissPrimePack AG<\/div>\n<div class=\"one-fourth first\"><img loading=\"lazy\" decoding=\"async\" class=\"wp-image-599 size-full alignleft\" src=\"https:\/\/smart-business-events.com\/soltarbiz\/wp-content\/uploads\/sites\/23\/2016\/03\/TriDental_170x120.png\" alt=\"TriDental_170x120\" width=\"170\" height=\"120\" \/><\/div>\n<div class=\"three-fourths\"><em>\u201eDie Firma SOLTAR hat uns bei der Entwicklung eines Supply Chain Konzeptes professionell unterst\u00fctzt. Schnell und pragmatisch wurden die f\u00fcr TRI wichtigen Kernaufgaben im Supply Chain Management identifiziert und detailliert.\u201c<\/em><br \/>\nCEO, TRI Dental Implants<\/div>\n<div class=\"one-fourth first\"><img loading=\"lazy\" decoding=\"async\" class=\"alignnone wp-image-2224\" src=\"http:\/\/soltar.biz\/wp-content\/uploads\/sites\/23\/2018\/01\/Gissler-und-Pass-1-1.png\" alt=\"\" width=\"170\" height=\"122\" \/><\/div>\n<div class=\"three-fourths\"><em>\u201eDie SOLTAR AG hat verschiedene Optimierungsinitiativen der Gissler &amp; Pass Supply Chain, wie Bestandsoptimierungen, die dazu notwendige Implementierung von neuen Auftrags- und Bestellabwicklungsprozessen, sowie die Vorstudie, Auswahl und Einf\u00fchrung eines PPS-Systems sehr professionell begleitet. Die Massnahmen helfen, signifikante Verbesserungen zu erzielen. Wir k\u00f6nnen die SOLTAR AG sehr empfehlen.\u201c<\/em><br \/>\nGesch\u00e4ftsf\u00fchrer, Gissler &amp; Pass GmbH<\/div>\n<div><\/div>\n<div><\/div>\n<div><\/div>\n<div><\/div>\n<div><\/div>\n<div><\/div>\n<div><\/div>\n<div><\/div>\n","protected":false},"excerpt":{"rendered":"<p>Supply Chain Management &nbsp; Ausgangslage Die Wertsch\u00f6pfungskette (Supply Chain) der Unternehmen wird immer komplexer. Unternehmen m\u00fcssen hierauf mit modernen Prozessen und einer schlanken Organisation reagieren. swot+ ist eine Methode, dies zu erreichen. Das SOLTAR swot+ Supply Chain Audit mit System bewertet die aktuellen Komplexit\u00e4tstreiber und Prozesse der Auftragsabwicklung. F\u00fcr Gaps mit den Anforderungen des Marktes [&hellip;]<\/p>\n","protected":false},"author":37,"featured_media":724,"parent":14,"menu_order":0,"comment_status":"closed","ping_status":"closed","template":"","meta":{"_genesis_hide_title":false,"_genesis_hide_breadcrumbs":false,"_genesis_hide_singular_image":false,"_genesis_hide_footer_widgets":false,"_genesis_custom_body_class":"","_genesis_custom_post_class":"","_genesis_layout":"","footnotes":""},"_links":{"self":[{"href":"https:\/\/smart-business-events.com\/soltarbiz\/wp-json\/wp\/v2\/pages\/170"}],"collection":[{"href":"https:\/\/smart-business-events.com\/soltarbiz\/wp-json\/wp\/v2\/pages"}],"about":[{"href":"https:\/\/smart-business-events.com\/soltarbiz\/wp-json\/wp\/v2\/types\/page"}],"author":[{"embeddable":true,"href":"https:\/\/smart-business-events.com\/soltarbiz\/wp-json\/wp\/v2\/users\/37"}],"replies":[{"embeddable":true,"href":"https:\/\/smart-business-events.com\/soltarbiz\/wp-json\/wp\/v2\/comments?post=170"}],"version-history":[{"count":0,"href":"https:\/\/smart-business-events.com\/soltarbiz\/wp-json\/wp\/v2\/pages\/170\/revisions"}],"up":[{"embeddable":true,"href":"https:\/\/smart-business-events.com\/soltarbiz\/wp-json\/wp\/v2\/pages\/14"}],"wp:featuredmedia":[{"embeddable":true,"href":"https:\/\/smart-business-events.com\/soltarbiz\/wp-json\/wp\/v2\/media\/724"}],"wp:attachment":[{"href":"https:\/\/smart-business-events.com\/soltarbiz\/wp-json\/wp\/v2\/media?parent=170"}],"curies":[{"name":"wp","href":"https:\/\/api.w.org\/{rel}","templated":true}]}}