{"id":172,"date":"2016-03-23T09:42:08","date_gmt":"2016-03-23T08:42:08","guid":{"rendered":"https:\/\/smart-business-events.com\/soltarbiz\/?page_id=172"},"modified":"2017-12-20T15:10:58","modified_gmt":"2017-12-20T14:10:58","slug":"supply-chain-finance","status":"publish","type":"page","link":"https:\/\/smart-business-events.com\/soltarbiz\/expertisen\/supply-chain-finance\/","title":{"rendered":"Supply Chain Finance"},"content":{"rendered":"<h1><span style=\"color: #b3071b\">Supply Chain Finance<\/span><\/h1>\n<h4><span style=\"color: #b30700\">Kooperationspartner<\/span><\/h4>\n<p><img loading=\"lazy\" decoding=\"async\" class=\"wp-image-2017 alignnone\" src=\"http:\/\/soltar.biz\/wp-content\/uploads\/sites\/23\/2017\/12\/Logo_PF_RGB_hochaufgel\u00f6st.jpg\" alt=\"\" width=\"266\" height=\"75\" srcset=\"https:\/\/smart-business-events.com\/soltarbiz\/wp-content\/uploads\/sites\/23\/2017\/12\/Logo_PF_RGB_hochaufgel\u00f6st.jpg 699w, https:\/\/smart-business-events.com\/soltarbiz\/wp-content\/uploads\/sites\/23\/2017\/12\/Logo_PF_RGB_hochaufgel\u00f6st-300x85.jpg 300w\" sizes=\"(max-width: 266px) 100vw, 266px\" \/><\/p>\n<h4><span style=\"color: #b3071b\">Ausgangslage<\/span><\/h4>\n<p>Supply Chain Finance verkn\u00fcpft physische und finanzielle Fl\u00fcsse in der Supply Chain zur Optimierung von Cashflow, Kapital- und Prozesskosten. Hierbei liegen die Potentiale in der Nutzung und Integration unterschiedlicher Finanzierungskonditionen in der Supply Chain von Kunden, Lieferanten, Logistik-Service-Providern und Finanzdienstleistern.<\/p>\n<p>&nbsp;<\/p>\n<h4><span style=\"color: #b3071b\">SOLTAR Expertise finance+<\/span><\/h4>\n<p>Das <strong>SOLTAR finance+ Supply Chain Finance<\/strong> ermittelt als neutraler Dritter die Potentiale einer Supply Chain Finance (SCF) L\u00f6sung zwischen Kunden und Lieferanten unter Integration von Logistik-Service-Providern und Finanzdienstleistern. Dabei werden zun\u00e4chst im Modul 1 die Ziele im Sinne einer WIN-WIN-ZIELE Kombination definiert. Anschliessend folgt im Modul 2 PARTNERMANAGEMENT die Kl\u00e4rung von Regeln und Vertr\u00e4gen unter den beteiligten Partnern. F\u00fcr den Erfolg massgeblich ist weiterhin ein strukturiertes PROJEKTMANAGEMENT (Modul 3), das die relevanten internen Funktionen (Finanzen, Legal , IT, Einkauf&#8230;) zielgerichtet koordiniert. Damit sind die wesentlichen Voraussetzungen f\u00fcr eine erfolgreiche Implementierung geschaffen. Folgende Supply Chain Finance-Methoden stehen dabei im Vordergrund: Bestandsfinanzierung, Reverse Factoring, Dynamic Discounting, Handelskredit, Finanzierungsplattformen, etc.<\/p>\n<p>&nbsp;<\/p>\n<p><img loading=\"lazy\" decoding=\"async\" class=\"size-full wp-image-1147 alignnone\" src=\"http:\/\/soltar.biz\/wp-content\/uploads\/sites\/23\/2016\/06\/finance.png\" alt=\"finance+\" width=\"962\" height=\"115\" srcset=\"https:\/\/smart-business-events.com\/soltarbiz\/wp-content\/uploads\/sites\/23\/2016\/06\/finance.png 962w, https:\/\/smart-business-events.com\/soltarbiz\/wp-content\/uploads\/sites\/23\/2016\/06\/finance-300x36.png 300w, https:\/\/smart-business-events.com\/soltarbiz\/wp-content\/uploads\/sites\/23\/2016\/06\/finance-768x92.png 768w\" sizes=\"(max-width: 962px) 100vw, 962px\" \/><\/p>\n<p>&nbsp;<\/p>\n<h4><span style=\"color: #b3071b\">Ihr Nutzen von finance+<\/span><\/h4>\n<ul>\n<li>Konzeption von Supply Chain Finance L\u00f6sungen\/-Modellen<\/li>\n<li>Business Case (aus Kunden- und Lieferantensicht)<\/li>\n<li>Markt\u00fcbersicht SCF-Anbieter, -L\u00f6sungen und -Technologien<\/li>\n<li>Strukturierte Methode zur L\u00f6sungsauswahl und zur Implementierung<\/li>\n<li>Kennzahlen zur Erfolgsmessung und Kosten-\/Nutzen-Abrechnung<\/li>\n<li>Support bei der Implementierung<\/li>\n<\/ul>\n<p>&nbsp;<\/p>\n","protected":false},"excerpt":{"rendered":"<p>Supply Chain Finance Kooperationspartner Ausgangslage Supply Chain Finance verkn\u00fcpft physische und finanzielle Fl\u00fcsse in der Supply Chain zur Optimierung von Cashflow, Kapital- und Prozesskosten. Hierbei liegen die Potentiale in der Nutzung und Integration unterschiedlicher Finanzierungskonditionen in der Supply Chain von Kunden, Lieferanten, Logistik-Service-Providern und Finanzdienstleistern. &nbsp; SOLTAR Expertise finance+ Das SOLTAR finance+ Supply Chain Finance [&hellip;]<\/p>\n","protected":false},"author":37,"featured_media":731,"parent":14,"menu_order":0,"comment_status":"closed","ping_status":"closed","template":"","meta":{"_genesis_hide_title":false,"_genesis_hide_breadcrumbs":false,"_genesis_hide_singular_image":false,"_genesis_hide_footer_widgets":false,"_genesis_custom_body_class":"","_genesis_custom_post_class":"","_genesis_layout":"","footnotes":""},"_links":{"self":[{"href":"https:\/\/smart-business-events.com\/soltarbiz\/wp-json\/wp\/v2\/pages\/172"}],"collection":[{"href":"https:\/\/smart-business-events.com\/soltarbiz\/wp-json\/wp\/v2\/pages"}],"about":[{"href":"https:\/\/smart-business-events.com\/soltarbiz\/wp-json\/wp\/v2\/types\/page"}],"author":[{"embeddable":true,"href":"https:\/\/smart-business-events.com\/soltarbiz\/wp-json\/wp\/v2\/users\/37"}],"replies":[{"embeddable":true,"href":"https:\/\/smart-business-events.com\/soltarbiz\/wp-json\/wp\/v2\/comments?post=172"}],"version-history":[{"count":0,"href":"https:\/\/smart-business-events.com\/soltarbiz\/wp-json\/wp\/v2\/pages\/172\/revisions"}],"up":[{"embeddable":true,"href":"https:\/\/smart-business-events.com\/soltarbiz\/wp-json\/wp\/v2\/pages\/14"}],"wp:featuredmedia":[{"embeddable":true,"href":"https:\/\/smart-business-events.com\/soltarbiz\/wp-json\/wp\/v2\/media\/731"}],"wp:attachment":[{"href":"https:\/\/smart-business-events.com\/soltarbiz\/wp-json\/wp\/v2\/media?parent=172"}],"curies":[{"name":"wp","href":"https:\/\/api.w.org\/{rel}","templated":true}]}}