{"id":983,"date":"2016-06-01T09:16:05","date_gmt":"2016-06-01T07:16:05","guid":{"rendered":"https:\/\/smart-business-events.com\/soltarbiz\/referenzen-copy-2\/"},"modified":"2019-02-25T09:50:40","modified_gmt":"2019-02-25T08:50:40","slug":"referenzen","status":"publish","type":"page","link":"https:\/\/smart-business-events.com\/soltarbiz\/referenzen\/","title":{"rendered":"Referenzen"},"content":{"rendered":"<h1><span style=\"color: #b3071b\"><strong>SOLTAR \u2013 Zufriedene Kunden geben Ihnen gerne eine Referenz<\/strong><\/span><\/h1>\n<div class=\"one-fourth first\"><img loading=\"lazy\" decoding=\"async\" class=\"alignnone size-full wp-image-2537\" src=\"http:\/\/soltar.biz\/wp-content\/uploads\/sites\/23\/2018\/05\/Schindler_logo3.png\" alt=\"\" width=\"170\" height=\"120\" \/><\/div>\n<div class=\"three-fourths\"><em>\u201eDie SOLTAR AG hat unsere Initiative zur Erh\u00f6hung der Ersatzteilverf\u00fcgbarkeit durch verbesserte Dispositionsprozesse im Einkauf sehr professionell und mit hoher Fach \u2013 und Sozialkompetenz f\u00fcr den Gesamtmarkt Schweiz begleitet. Die gesetzten Ziele und Meilensteine wurden alle erreicht. Wir k\u00f6nnen die SOLTAR AG daher vollumf\u00e4nglich bestens empfehlen.\u201d<\/em><br \/>\nHead of Supply Chain, Schindler Schweiz AG<\/div>\n<div class=\"one-fourth first\"><img loading=\"lazy\" decoding=\"async\" class=\"wp-image-596 size-full alignleft\" src=\"https:\/\/smart-business-events.com\/soltarbiz\/wp-content\/uploads\/sites\/23\/2016\/03\/Sika_170x120.png\" alt=\"Sika_170x120\" width=\"170\" height=\"120\" \/><\/div>\n<div class=\"three-fourths\"><em>\u201eDie Methoden und Simulationstools der SOLTAR haben einen wichtigen Beitrag zur deutlichen Bestandsreduktion und zu einem ganzheitlichen Bestandsmanagement geleistet.\u201d<\/em><br \/>\nHead Logistics, Sika Supply Center, Sika Konzern<\/div>\n<div class=\"one-fourth first\"><img loading=\"lazy\" decoding=\"async\" class=\"alignleft size-full wp-image-1239\" src=\"http:\/\/soltar.biz\/wp-content\/uploads\/sites\/23\/2016\/06\/M_Industry_170x120.png\" alt=\"M_Industry_170x120\" width=\"170\" height=\"120\" \/><\/div>\n<div class=\"three-fourths\"><em>\u201eSOLTAR hat uns kompetent und praxisnah in das Thema \u201eWorking Capital Management\u201c eingef\u00fchrt und unser Wissen vertieft. Die n\u00fctzlichen Inputs haben uns geholfen, die Potentiale im Working Capital zielgerichtet zu adressieren.\u201c<\/em><br \/>\nLeiter Gesch\u00e4ftsbereich Operations, Jowa AG, M-Industrie<\/div>\n<div class=\"one-fourth first\"><img loading=\"lazy\" decoding=\"async\" class=\"alignleft size-full wp-image-1239\" src=\"http:\/\/soltar.biz\/wp-content\/uploads\/sites\/23\/2018\/06\/Med-supply-3.png\" alt=\"M_Industry_170x120\" width=\"170\" height=\"150\" \/><\/div>\n<div class=\"three-fourths\"><em>\u201eDie SOLTAR AG begleitet uns professionell mit Ihrer Kompetenz und strukturierten Vorgehensweise im Rahmen der Medsupply Strategieentwicklung sowie der Einf\u00fchrung eines Lieferantenmanagements. Wir k\u00f6nnen die SOLTAR AG sehr empfehlen\u201c<\/em><br \/>\nPr\u00e4sident Medsupply, Leiter Einkauf Kantonsspital Aarau<\/div>\n<div class=\"one-fourth first\"><img loading=\"lazy\" decoding=\"async\" class=\"wp-image-589 size-full alignleft\" src=\"https:\/\/smart-business-events.com\/soltarbiz\/wp-content\/uploads\/sites\/23\/2016\/03\/GF_170x120.png\" alt=\"GF_170x120\" width=\"170\" height=\"120\" \/><\/div>\n<div class=\"three-fourths\"><em>\u201eSOLTAR hat Georg Fischer Piping Systems beim Benchmarking logistischer Prozesse professionell, schnell und kompetent beraten.\u201c<\/em><br \/>\nHead of Supply Chain, Georg Fischer Piping Systems<\/div>\n<div class=\"one-fourth first\"><img loading=\"lazy\" decoding=\"async\" class=\"wp-image-595 size-full alignleft\" src=\"https:\/\/smart-business-events.com\/soltarbiz\/wp-content\/uploads\/sites\/23\/2016\/03\/SIG_170x120.png\" alt=\"SIG_170x120\" width=\"170\" height=\"120\" \/><\/div>\n<div class=\"three-fourths\"><em>\u201eMit tender+ der SOLTAR AG haben wir eine erh\u00f6hte Transparenz unserer Transportkosten erhalten. SOLTAR ging sehr pragmatisch vor und lieferte umsetzbareErgebnisse.\u201c<\/em><br \/>\nHead Global Supply Chain Management, SIG<\/div>\n<div class=\"one-fourth first\"><img loading=\"lazy\" decoding=\"async\" class=\"wp-image-601 size-full alignleft\" src=\"https:\/\/smart-business-events.com\/soltarbiz\/wp-content\/uploads\/sites\/23\/2016\/03\/Utz_170x120.png\" alt=\"Utz_170x120\" width=\"170\" height=\"120\" \/><\/div>\n<div class=\"three-fourths\"><em>\u201eDas Projekt zur Kundenklassifizierung mit Sales+ hat uns geholfen, unsere Prozesse kundenorientierter auszurichten und die Geschwindigkeit in der Bearbeitung von Auftr\u00e4gen zu erh\u00f6hen. Die SOLTAR AG hat uns bei der Prozessverbesserung und dem Ver\u00e4nderungsprozess mit hohem Praxis- und Implementierungsfokus professionell unterst\u00fctzt.\u201d<\/em><br \/>\nGesch\u00e4ftsf\u00fchrer, Georg Utz AG Schweiz<\/div>\n<div class=\"one-fourth first\"><img loading=\"lazy\" decoding=\"async\" class=\"wp-image-587 size-full alignleft\" src=\"https:\/\/smart-business-events.com\/soltarbiz\/wp-content\/uploads\/sites\/23\/2016\/03\/Ammann_170x120.png\" alt=\"Ammann_170x120\" width=\"170\" height=\"120\" \/><\/div>\n<div class=\"three-fourths\"><em>\u201eDas Team der SOLTAR AG hat uns bei der Implementierung der Disposition im Ersatzteilgesch\u00e4ft mit Ihrem Know-how sehr professionell unterst\u00fctzt. Die Lieferf\u00e4higkeit konnte deutlich gesteigert werden. S\u00e4mtliche Meilensteine und die vorgegebenen Bestandsziele wurden zu unserer absoluten Zufriedenheit erreicht.\u201c<\/em><br \/>\nDirector Global After Sales, Ammann Schweiz AG<\/div>\n<div class=\"one-fourth first\"><img loading=\"lazy\" decoding=\"async\" class=\"wp-image-591 size-full alignleft\" src=\"https:\/\/smart-business-events.com\/soltarbiz\/wp-content\/uploads\/sites\/23\/2016\/03\/Mondi_170x120.png\" alt=\"Mondi_170x120\" width=\"170\" height=\"120\" \/><\/div>\n<div class=\"three-fourths\"><em>\u201eDie Kundenklassifizierung mit sales+ erm\u00f6glicht uns eine gezieltere Marktbearbeitung, um Vertriebseffizienz und Ertragsst\u00e4rke zu erh\u00f6hen.\u201c<\/em><br \/>\nGesch\u00e4ftsf\u00fchrer, Unterland Flexible Packaging, Mondi Konzern<\/div>\n<div class=\"one-fourth first\"><img loading=\"lazy\" decoding=\"async\" class=\"wp-image-593 size-full alignleft\" src=\"https:\/\/smart-business-events.com\/soltarbiz\/wp-content\/uploads\/sites\/23\/2016\/03\/Provertha_170x120.png\" alt=\"Provertha_170x120\" width=\"170\" height=\"120\" \/><\/div>\n<div class=\"three-fourths\"><em>\u201eDie SOLTAR AG hat uns beim Projekt Bestandsmanagement mit hoher Professionalit\u00e4t unterst\u00fctzt. Mit der gewonnenen Transparenz, Zieldefinition und Implementierung sind wir sehr zufrieden. Nach kurzer Zeit konnten wir viele Massnahmen umsetzen und schnell deutlich messbare Erfolge erzielen.\u201d<\/em><br \/>\nGech\u00e4ftsf\u00fchrer, Provertha Connectors, Cables &amp; Solutions GmbH<\/div>\n<div class=\"one-fourth first\"><img loading=\"lazy\" decoding=\"async\" class=\"wp-image-594 size-full alignleft\" src=\"https:\/\/smart-business-events.com\/soltarbiz\/wp-content\/uploads\/sites\/23\/2016\/03\/Refresco_170x120.png\" alt=\"Refresco_170x120\" width=\"170\" height=\"120\" \/><\/div>\n<div class=\"three-fourths\"><em>\u201eDie Methoden von SOLTAR haben uns beim strategischen Entscheidungsprozess zum Outsourcing sehr gut unterst\u00fctzt.\u201c<\/em><br \/>\nGesch\u00e4ftsf\u00fchrer, Refresco Deutschland<\/div>\n<div class=\"one-fourth first\"><img loading=\"lazy\" decoding=\"async\" class=\"wp-image-600 size-full alignleft\" src=\"https:\/\/smart-business-events.com\/soltarbiz\/wp-content\/uploads\/sites\/23\/2016\/03\/Unterland_170x120.png\" alt=\"Unterland_170x120\" width=\"170\" height=\"120\" \/><\/div>\n<div class=\"three-fourths\"><em>\u201eDie strukturierten Methoden von SOLTAR haben uns ein erfolgreiches Reengineering des Auftragsabwicklungsprozesses und der Organisation der Produktionsplanung erm\u00f6glicht.\u201c<\/em><br \/>\nGesch\u00e4ftsf\u00fchrer, Unterland Flexible Packaging, Mondi Konzern<\/div>\n<div class=\"one-fourth first\"><img loading=\"lazy\" decoding=\"async\" class=\"wp-image-598 size-full alignleft\" src=\"https:\/\/smart-business-events.com\/soltarbiz\/wp-content\/uploads\/sites\/23\/2016\/03\/SwissPrimePack_170x120.png\" alt=\"SwissPrimePack_170x120\" width=\"170\" height=\"120\" \/><\/div>\n<div class=\"three-fourths\"><em>\u201eSOLTAR hat uns von der Analyse, Identifizierung von Verbesserungspotentialen in der Supply Chain bis hin zur Implementierung einer neuen Supply Chain Organisation sehr professionell unterst\u00fctzt. Heute befinden wir uns in der Umsetzung der Ergebnisse und konnten bereits erste wichtige Erfolge erzielen.\u201c<\/em><br \/>\nCEO, SwissPrimePack AG<\/div>\n<div class=\"one-fourth first\"><img loading=\"lazy\" decoding=\"async\" class=\"wp-image-592 size-full alignleft\" src=\"https:\/\/smart-business-events.com\/soltarbiz\/wp-content\/uploads\/sites\/23\/2016\/03\/Noventa_170x120.png\" alt=\"Noventa_170x120\" width=\"170\" height=\"120\" \/><\/div>\n<div class=\"three-fourths\"><em>\u201eDie SOLTAR AG hat mit ihren professionellen Methoden und der angenehmen Zusammenarbeit wesentlich zu einem erfolgreichen Lagerbestandsmanagement bei der Noventa AG beigetragen.\u201c<\/em><br \/>\nGesch\u00e4ftsf\u00fchrer, Noventa AG<\/div>\n<div class=\"one-fourth first\"><img loading=\"lazy\" decoding=\"async\" class=\"wp-image-602 size-full alignleft\" src=\"https:\/\/smart-business-events.com\/soltarbiz\/wp-content\/uploads\/sites\/23\/2016\/03\/Vectronix_170x120.png\" alt=\"Vectronix_170x120\" width=\"170\" height=\"120\" \/><\/div>\n<div class=\"three-fourths\"><em>\u201eWir sind mit den Resultaten des Projektes \u201aLieferantenmanagement\u2018 sehr zufrieden und dankten f\u00fcr die Unterst\u00fctzung durch die SOLTAR AG bei diesem Change Prozess.\u201c<\/em><br \/>\nLeiter Einkauf, Vectronix AG<\/div>\n<div class=\"one-fourth first\"><img loading=\"lazy\" decoding=\"async\" class=\"wp-image-590 size-full alignleft\" src=\"https:\/\/smart-business-events.com\/soltarbiz\/wp-content\/uploads\/sites\/23\/2016\/03\/IPP_170x120.png\" alt=\"IPP_170x120\" width=\"170\" height=\"120\" \/><\/div>\n<div class=\"three-fourths\"><em>\u201eDie Analyse und die Verbesserungsmassnahmen von SOLTAR haben uns geholfen, unsere Supply Chain und Produktion in China zu optimieren.<\/em>\u201c<br \/>\nManaging Director, IPP International Ltd.<\/div>\n<div class=\"one-fourth first\"><img loading=\"lazy\" decoding=\"async\" class=\"wp-image-599 size-full alignleft\" src=\"https:\/\/smart-business-events.com\/soltarbiz\/wp-content\/uploads\/sites\/23\/2016\/03\/TriDental_170x120.png\" alt=\"TriDental_170x120\" width=\"170\" height=\"120\" \/><\/div>\n<div class=\"three-fourths\"><em>\u201eDie Firma SOLTAR hat uns bei der Entwicklung eines Supply Chain Konzeptes professionell unterst\u00fctzt. Schnell und pragmatisch wurden die f\u00fcr TRI wichtigen Kernaufgaben im Supply Chain Management identifiziert und detailliert.\u201c<\/em><br \/>\nCEO, TRI Dental Implants<\/div>\n<div class=\"one-fourth first\"><img loading=\"lazy\" decoding=\"async\" class=\"wp-image-588 size-full alignleft\" src=\"https:\/\/smart-business-events.com\/soltarbiz\/wp-content\/uploads\/sites\/23\/2016\/03\/Energie360_170x120.png\" alt=\"Energie360_170x120\" width=\"170\" height=\"120\" \/><\/div>\n<div class=\"three-fourths\"><em>\u201eDie SOLTAR AG hat uns bei der Transparenz im Einkauf und der Gestaltung einer zukunftsorientierten Beschaffungsorganisation mit ihrem fachlichen und methodischen Know-how professionell unterst\u00fctzt. Dabei wurde die Kultur unseres Unternehmens mit hohem Einf\u00fchlungsverm\u00f6gen ber\u00fccksichtigt.\u201c<\/em><\/div>\n<div class=\"three-fourths\">CFO, Energie360\u00b0<\/div>\n<div><\/div>\n<div class=\"one-fourth first\"><img loading=\"lazy\" decoding=\"async\" class=\"alignnone wp-image-2220\" src=\"http:\/\/soltar.biz\/wp-content\/uploads\/sites\/23\/2018\/01\/Swissoptic1.png\" alt=\"\" width=\"170\" height=\"121\" \/><\/div>\n<div class=\"three-fourths\"><em>\u201eMit den Methoden und dem Vorgehen der SOLTAR AG konnten wir deutliche und nachhaltige Verbesserungen im Bestandsmanagement erzielen. Die Zusammenarbeit war sehr effizient, pragmatisch und adressierte mit konkreten Fakten die wesentlichen Optimierungshebel.\u201c<\/em><br \/>\nCFO <span style=\"float: none;background-color: #ffffff;color: #191e23;cursor: text;font-family: 'Noto Serif';font-size: 16px;font-style: normal;font-variant: normal;font-weight: 400;letter-spacing: normal;text-align: left;text-decoration: none;text-indent: 0px;text-transform: none\">und Leiter Operations<\/span>, SwissOptic AG<\/div>\n<div class=\"one-fourth first\"><img loading=\"lazy\" decoding=\"async\" class=\"alignnone wp-image-2224\" src=\"http:\/\/soltar.biz\/wp-content\/uploads\/sites\/23\/2018\/01\/Gissler-und-Pass-1-1.png\" alt=\"\" width=\"170\" height=\"122\" \/><\/div>\n<div class=\"three-fourths\"><em>\u201eDie SOLTAR AG hat verschiedene Optimierungsinitiativen der Gissler &amp; Pass Supply Chain, wie Bestandsoptimierungen, die dazu notwendige Implementierung von neuen Auftrags- und Bestellabwicklungsprozessen, sowie die Vorstudie, Auswahl und Einf\u00fchrung eines PPS-Systems sehr professionell begleitet. Die Massnahmen helfen, signifikante Verbesserungen zu erzielen. Wir k\u00f6nnen die SOLTAR AG sehr empfehlen.\u201c<\/em><br \/>\nGesch\u00e4ftsf\u00fchrer, Gissler &amp; Pass GmbH<\/div>\n<div class=\"one-fourth first\"><img loading=\"lazy\" decoding=\"async\" class=\"wp-image-597 size-full alignleft\" src=\"https:\/\/smart-business-events.com\/soltarbiz\/wp-content\/uploads\/sites\/23\/2016\/03\/Swisscom_170x120.png\" alt=\"Swisscom_170x120\" width=\"170\" height=\"120\" \/><\/div>\n<div class=\"three-fourths\"><\/div>\n<div class=\"one-fourth first\"><\/div>\n<div class=\"three-fourths\">Bitte wenden Sie sich direkt an uns, um die Kontaktdaten f\u00fcr Referenzen zu erhalten.<\/div>\n","protected":false},"excerpt":{"rendered":"<p>SOLTAR \u2013 Zufriedene Kunden geben Ihnen gerne eine Referenz \u201eDie SOLTAR AG hat unsere Initiative zur Erh\u00f6hung der Ersatzteilverf\u00fcgbarkeit durch verbesserte Dispositionsprozesse im Einkauf sehr professionell und mit hoher Fach \u2013 und Sozialkompetenz f\u00fcr den Gesamtmarkt Schweiz begleitet. Die gesetzten Ziele und Meilensteine wurden alle erreicht. Wir k\u00f6nnen die SOLTAR AG daher vollumf\u00e4nglich bestens empfehlen.\u201d [&hellip;]<\/p>\n","protected":false},"author":37,"featured_media":0,"parent":0,"menu_order":0,"comment_status":"closed","ping_status":"closed","template":"","meta":{"_genesis_hide_title":false,"_genesis_hide_breadcrumbs":false,"_genesis_hide_singular_image":false,"_genesis_hide_footer_widgets":false,"_genesis_custom_body_class":"","_genesis_custom_post_class":"","_genesis_layout":"","footnotes":""},"_links":{"self":[{"href":"https:\/\/smart-business-events.com\/soltarbiz\/wp-json\/wp\/v2\/pages\/983"}],"collection":[{"href":"https:\/\/smart-business-events.com\/soltarbiz\/wp-json\/wp\/v2\/pages"}],"about":[{"href":"https:\/\/smart-business-events.com\/soltarbiz\/wp-json\/wp\/v2\/types\/page"}],"author":[{"embeddable":true,"href":"https:\/\/smart-business-events.com\/soltarbiz\/wp-json\/wp\/v2\/users\/37"}],"replies":[{"embeddable":true,"href":"https:\/\/smart-business-events.com\/soltarbiz\/wp-json\/wp\/v2\/comments?post=983"}],"version-history":[{"count":0,"href":"https:\/\/smart-business-events.com\/soltarbiz\/wp-json\/wp\/v2\/pages\/983\/revisions"}],"wp:attachment":[{"href":"https:\/\/smart-business-events.com\/soltarbiz\/wp-json\/wp\/v2\/media?parent=983"}],"curies":[{"name":"wp","href":"https:\/\/api.w.org\/{rel}","templated":true}]}}